{"id":18754,"date":"2023-11-24T09:56:58","date_gmt":"2023-11-24T07:56:58","guid":{"rendered":"https:\/\/www.bm-gmbh.co\/produkte\/uncategorized\/gasoline-powered-piston-pump-gs-950\/"},"modified":"2025-11-25T11:09:46","modified_gmt":"2025-11-25T10:09:46","slug":"gasoline-powered-piston-pump-gs-950","status":"publish","type":"product","link":"https:\/\/www.bm-gmbh.co\/en\/products\/gasoline-powered-piston-pumps\/gasoline-powered-piston-pump-gs-950\/","title":{"rendered":"Gasoline Powered Piston Pump GS 950"},"content":{"rendered":"<p>The GS 950 gasoline-powered airless paint sprayer offers<br \/>\nversatility with limited access to electrical power,<br \/>\n such as in new construction projects. The GS 950 combines the Pro-Duty<br \/>\n pump with the powerful and reliable Vanguard 5.5<br \/>\nhp petrol engine. The Vanguard engine is CARB\/EPA certified and<br \/>\nhas an engine guard with oil level warning.<\/p>\n","protected":false},"excerpt":{"rendered":"<p class=\"ai-optimize-23 ai-optimize-introduction\">ready to spray in trolley with direct suction, 15m material hose, Airless gun and rev. tip.<\/p>\n","protected":false},"featured_media":14996,"template":"","meta":{"site-sidebar-layout":"default","site-content-layout":"","ast-site-content-layout":"default","site-content-style":"default","site-sidebar-style":"default","ast-global-header-display":"","ast-banner-title-visibility":"","ast-main-header-display":"","ast-hfb-above-header-display":"","ast-hfb-below-header-display":"","ast-hfb-mobile-header-display":"","site-post-title":"","ast-breadcrumbs-content":"","ast-featured-img":"","footer-sml-layout":"","ast-disable-related-posts":"","theme-transparent-header-meta":"default","adv-header-id-meta":"","stick-header-meta":"default","header-above-stick-meta":"","header-main-stick-meta":"","header-below-stick-meta":"","astra-migrate-meta-layouts":"set","ast-page-background-enabled":"default","ast-page-background-meta":{"desktop":{"background-color":"var(--ast-global-color-4)","background-image":"","background-repeat":"repeat","background-position":"center center","background-size":"auto","background-attachment":"scroll","background-type":"","background-media":"","overlay-type":"","overlay-color":"","overlay-opacity":"","overlay-gradient":""},"tablet":{"background-color":"","background-image":"","background-repeat":"repeat","background-position":"center center","background-size":"auto","background-attachment":"scroll","background-type":"","background-media":"","overlay-type":"","overlay-color":"","overlay-opacity":"","overlay-gradient":""},"mobile":{"background-color":"","background-image":"","background-repeat":"repeat","background-position":"center center","background-size":"auto","background-attachment":"scroll","background-type":"","background-media":"","overlay-type":"","overlay-color":"","overlay-opacity":"","overlay-gradient":""}},"ast-content-background-meta":{"desktop":{"background-color":"var(--ast-global-color-5)","background-image":"","background-repeat":"repeat","background-position":"center center","background-size":"auto","background-attachment":"scroll","background-type":"","background-media":"","overlay-type":"","overlay-color":"","overlay-opacity":"","overlay-gradient":""},"tablet":{"background-color":"var(--ast-global-color-5)","background-image":"","background-repeat":"repeat","background-position":"center center","background-size":"auto","background-attachment":"scroll","background-type":"","background-media":"","overlay-type":"","overlay-color":"","overlay-opacity":"","overlay-gradient":""},"mobile":{"background-color":"var(--ast-global-color-5)","background-image":"","background-repeat":"repeat","background-position":"center center","background-size":"auto","background-attachment":"scroll","background-type":"","background-media":"","overlay-type":"","overlay-color":"","overlay-opacity":"","overlay-gradient":""}}},"product_brand":[],"product_cat":[1430],"product_tag":[1110,1111,1116,1467,1112],"class_list":{"0":"post-18754","1":"product","2":"type-product","3":"status-publish","4":"has-post-thumbnail","6":"product_cat-gasoline-powered-piston-pumps","7":"product_tag-facade-paints","8":"product_tag-inside-paints","9":"product_tag-pickling","10":"product_tag-puddle","11":"product_tag-roof-paints","12":"desktop-align-center","13":"tablet-align-left","14":"mobile-align-center","15":"ast-product-gallery-layout-horizontal-slider","16":"ast-product-gallery-with-no-image","17":"ast-qv-on-image","19":"first","20":"instock","21":"shipping-taxable","22":"product-type-simple"},"yoast_head":"<!-- This site is optimized with the Yoast SEO Premium plugin v27.3 (Yoast SEO v27.3) - https:\/\/yoast.com\/product\/yoast-seo-premium-wordpress\/ -->\n<title>Gasoline-powered piston pump Airlessco GS 950<\/title>\n<meta name=\"description\" content=\"The GS 950 petrol-powered airless paint sprayer offers versatility with limited access to electricity, such as in new construction projects. The GS 950 combines the Pro-Duty pump with the powerful and reliable Vanguard 5.5hp petrol engine. The Vanguard engine is CARB\/EPA certified and has an engine guard with oil level warning.\" \/>\n<meta name=\"robots\" content=\"index, follow, max-snippet:-1, max-image-preview:large, max-video-preview:-1\" \/>\n<link rel=\"canonical\" href=\"https:\/\/www.bm-gmbh.co\/en\/products\/gasoline-powered-piston-pumps\/gasoline-powered-piston-pump-gs-950\/\" \/>\n<script type=\"application\/ld+json\" class=\"yoast-schema-graph\">{\"@context\":\"https:\\\/\\\/schema.org\",\"@graph\":[{\"@type\":\"WebPage\",\"@id\":\"https:\\\/\\\/www.bm-gmbh.co\\\/en\\\/products\\\/gasoline-powered-piston-pumps\\\/gasoline-powered-piston-pump-gs-950\\\/\",\"url\":\"https:\\\/\\\/www.bm-gmbh.co\\\/en\\\/products\\\/gasoline-powered-piston-pumps\\\/gasoline-powered-piston-pump-gs-950\\\/\",\"name\":\"Gasoline-powered piston pump Airlessco GS 950\",\"isPartOf\":{\"@id\":\"https:\\\/\\\/www.bm-gmbh.co\\\/en\\\/#website\"},\"primaryImageOfPage\":{\"@id\":\"https:\\\/\\\/www.bm-gmbh.co\\\/en\\\/products\\\/gasoline-powered-piston-pumps\\\/gasoline-powered-piston-pump-gs-950\\\/#primaryimage\"},\"image\":{\"@id\":\"https:\\\/\\\/www.bm-gmbh.co\\\/en\\\/products\\\/gasoline-powered-piston-pumps\\\/gasoline-powered-piston-pump-gs-950\\\/#primaryimage\"},\"thumbnailUrl\":\"https:\\\/\\\/www.bm-gmbh.co\\\/wp-content\\\/uploads\\\/GS950_17M141-2.png\",\"datePublished\":\"2023-11-24T07:56:58+00:00\",\"dateModified\":\"2025-11-25T10:09:46+00:00\",\"description\":\"The GS 950 petrol-powered airless paint sprayer offers versatility with limited access to electricity, such as in new construction projects. The GS 950 combines the Pro-Duty pump with the powerful and reliable Vanguard 5.5hp petrol engine. The Vanguard engine is CARB\\\/EPA certified and has an engine guard with oil level warning.\",\"breadcrumb\":{\"@id\":\"https:\\\/\\\/www.bm-gmbh.co\\\/en\\\/products\\\/gasoline-powered-piston-pumps\\\/gasoline-powered-piston-pump-gs-950\\\/#breadcrumb\"},\"inLanguage\":\"en-US\",\"potentialAction\":[{\"@type\":\"ReadAction\",\"target\":[\"https:\\\/\\\/www.bm-gmbh.co\\\/en\\\/products\\\/gasoline-powered-piston-pumps\\\/gasoline-powered-piston-pump-gs-950\\\/\"]}]},{\"@type\":\"ImageObject\",\"inLanguage\":\"en-US\",\"@id\":\"https:\\\/\\\/www.bm-gmbh.co\\\/en\\\/products\\\/gasoline-powered-piston-pumps\\\/gasoline-powered-piston-pump-gs-950\\\/#primaryimage\",\"url\":\"https:\\\/\\\/www.bm-gmbh.co\\\/wp-content\\\/uploads\\\/GS950_17M141-2.png\",\"contentUrl\":\"https:\\\/\\\/www.bm-gmbh.co\\\/wp-content\\\/uploads\\\/GS950_17M141-2.png\",\"width\":1024,\"height\":1024,\"caption\":\"Gasoline Powered Piston Pump GS 950\"},{\"@type\":\"BreadcrumbList\",\"@id\":\"https:\\\/\\\/www.bm-gmbh.co\\\/en\\\/products\\\/gasoline-powered-piston-pumps\\\/gasoline-powered-piston-pump-gs-950\\\/#breadcrumb\",\"itemListElement\":[{\"@type\":\"ListItem\",\"position\":1,\"name\":\"Startseite\",\"item\":\"https:\\\/\\\/www.bm-gmbh.co\\\/en\\\/home-page\\\/\"},{\"@type\":\"ListItem\",\"position\":2,\"name\":\"Products\",\"item\":\"https:\\\/\\\/www.bm-gmbh.co\\\/en\\\/products-2\\\/\"},{\"@type\":\"ListItem\",\"position\":3,\"name\":\"Gasoline Powered Piston Pump GS 950\"}]},{\"@type\":\"WebSite\",\"@id\":\"https:\\\/\\\/www.bm-gmbh.co\\\/en\\\/#website\",\"url\":\"https:\\\/\\\/www.bm-gmbh.co\\\/en\\\/\",\"name\":\"b&m GmbH\",\"description\":\"Ihr Partner f\u00fcr alle Marken\",\"publisher\":{\"@id\":\"https:\\\/\\\/www.bm-gmbh.co\\\/en\\\/#organization\"},\"alternateName\":\"b&m GmbH - Ihr Partner f\u00fcr alle Marken\",\"potentialAction\":[{\"@type\":\"SearchAction\",\"target\":{\"@type\":\"EntryPoint\",\"urlTemplate\":\"https:\\\/\\\/www.bm-gmbh.co\\\/en\\\/?s={search_term_string}\"},\"query-input\":{\"@type\":\"PropertyValueSpecification\",\"valueRequired\":true,\"valueName\":\"search_term_string\"}}],\"inLanguage\":\"en-US\"},{\"@type\":\"Organization\",\"@id\":\"https:\\\/\\\/www.bm-gmbh.co\\\/en\\\/#organization\",\"name\":\"b&m GmbH\",\"alternateName\":\"b&m GmbH - Ihr Partner f\u00fcr alle Marken\",\"url\":\"https:\\\/\\\/www.bm-gmbh.co\\\/en\\\/\",\"logo\":{\"@type\":\"ImageObject\",\"inLanguage\":\"en-US\",\"@id\":\"https:\\\/\\\/www.bm-gmbh.co\\\/en\\\/#\\\/schema\\\/logo\\\/image\\\/\",\"url\":\"https:\\\/\\\/www.bm-gmbh.co\\\/wp-content\\\/uploads\\\/bm-1024.png\",\"contentUrl\":\"https:\\\/\\\/www.bm-gmbh.co\\\/wp-content\\\/uploads\\\/bm-1024.png\",\"width\":1024,\"height\":1024,\"caption\":\"b&m GmbH\"},\"image\":{\"@id\":\"https:\\\/\\\/www.bm-gmbh.co\\\/en\\\/#\\\/schema\\\/logo\\\/image\\\/\"},\"description\":\"Mittelst\u00e4ndischer Anbieter f\u00fcr Farbspritztechnik, Oberfl\u00e4chentechnik, Pumpentechnik, Bautenschutz- und Injektionstechnik. Bedient prim\u00e4r Handwerk und Industrie Zentrale Produkte & Services: Spritztechnik: Hand- & Automatikpistolen, HD\\\/ND-Ger\u00e4te, 2K-Anlagen, Elektrostatiksysteme. Bautenschutz\\\/Injektionstechnik: Injektionsanlagen, Gelanlagen, Schnecken-\\\/Mischpumpen. Zubeh\u00f6r\\\/Technik: Kompressoren, Filteranlagen, R\u00fchrwerke, Packer & Injektoren. Fokus auf hochwertige, langlebige Profi-Ger\u00e4te \u2192 Interesse an zuverl\u00e4ssigen Partnern, Service & technischem Support.\",\"email\":\"info@bm-gmbh.com\",\"telephone\":\"0049 7546 923120\",\"legalName\":\"b&m GmbH\",\"numberOfEmployees\":{\"@type\":\"QuantitativeValue\",\"minValue\":\"11\",\"maxValue\":\"50\"}}]}<\/script>\n<meta property=\"product:brand\" content=\"facade paints\" \/>\n<meta property=\"product:price:currency\" content=\"EUR\" \/>\n<meta property=\"og:availability\" content=\"instock\" \/>\n<meta property=\"product:availability\" content=\"instock\" \/>\n<meta property=\"product:retailer_item_id\" content=\"BM307-17M141\" \/>\n<meta property=\"product:condition\" content=\"new\" \/>\n<!-- \/ Yoast SEO Premium plugin. -->","yoast_head_json":{"title":"Gasoline-powered piston pump Airlessco GS 950","description":"The GS 950 petrol-powered airless paint sprayer offers versatility with limited access to electricity, such as in new construction projects. The GS 950 combines the Pro-Duty pump with the powerful and reliable Vanguard 5.5hp petrol engine. The Vanguard engine is CARB\/EPA certified and has an engine guard with oil level warning.","robots":{"index":"index","follow":"follow","max-snippet":"max-snippet:-1","max-image-preview":"max-image-preview:large","max-video-preview":"max-video-preview:-1"},"canonical":"https:\/\/www.bm-gmbh.co\/en\/products\/gasoline-powered-piston-pumps\/gasoline-powered-piston-pump-gs-950\/","schema":{"@context":"https:\/\/schema.org","@graph":[{"@type":"WebPage","@id":"https:\/\/www.bm-gmbh.co\/en\/products\/gasoline-powered-piston-pumps\/gasoline-powered-piston-pump-gs-950\/","url":"https:\/\/www.bm-gmbh.co\/en\/products\/gasoline-powered-piston-pumps\/gasoline-powered-piston-pump-gs-950\/","name":"Gasoline-powered piston pump Airlessco GS 950","isPartOf":{"@id":"https:\/\/www.bm-gmbh.co\/en\/#website"},"primaryImageOfPage":{"@id":"https:\/\/www.bm-gmbh.co\/en\/products\/gasoline-powered-piston-pumps\/gasoline-powered-piston-pump-gs-950\/#primaryimage"},"image":{"@id":"https:\/\/www.bm-gmbh.co\/en\/products\/gasoline-powered-piston-pumps\/gasoline-powered-piston-pump-gs-950\/#primaryimage"},"thumbnailUrl":"https:\/\/www.bm-gmbh.co\/wp-content\/uploads\/GS950_17M141-2.png","datePublished":"2023-11-24T07:56:58+00:00","dateModified":"2025-11-25T10:09:46+00:00","description":"The GS 950 petrol-powered airless paint sprayer offers versatility with limited access to electricity, such as in new construction projects. The GS 950 combines the Pro-Duty pump with the powerful and reliable Vanguard 5.5hp petrol engine. The Vanguard engine is CARB\/EPA certified and has an engine guard with oil level warning.","breadcrumb":{"@id":"https:\/\/www.bm-gmbh.co\/en\/products\/gasoline-powered-piston-pumps\/gasoline-powered-piston-pump-gs-950\/#breadcrumb"},"inLanguage":"en-US","potentialAction":[{"@type":"ReadAction","target":["https:\/\/www.bm-gmbh.co\/en\/products\/gasoline-powered-piston-pumps\/gasoline-powered-piston-pump-gs-950\/"]}]},{"@type":"ImageObject","inLanguage":"en-US","@id":"https:\/\/www.bm-gmbh.co\/en\/products\/gasoline-powered-piston-pumps\/gasoline-powered-piston-pump-gs-950\/#primaryimage","url":"https:\/\/www.bm-gmbh.co\/wp-content\/uploads\/GS950_17M141-2.png","contentUrl":"https:\/\/www.bm-gmbh.co\/wp-content\/uploads\/GS950_17M141-2.png","width":1024,"height":1024,"caption":"Gasoline Powered Piston Pump GS 950"},{"@type":"BreadcrumbList","@id":"https:\/\/www.bm-gmbh.co\/en\/products\/gasoline-powered-piston-pumps\/gasoline-powered-piston-pump-gs-950\/#breadcrumb","itemListElement":[{"@type":"ListItem","position":1,"name":"Startseite","item":"https:\/\/www.bm-gmbh.co\/en\/home-page\/"},{"@type":"ListItem","position":2,"name":"Products","item":"https:\/\/www.bm-gmbh.co\/en\/products-2\/"},{"@type":"ListItem","position":3,"name":"Gasoline Powered Piston Pump GS 950"}]},{"@type":"WebSite","@id":"https:\/\/www.bm-gmbh.co\/en\/#website","url":"https:\/\/www.bm-gmbh.co\/en\/","name":"b&m GmbH","description":"Ihr Partner f\u00fcr alle Marken","publisher":{"@id":"https:\/\/www.bm-gmbh.co\/en\/#organization"},"alternateName":"b&m GmbH - Ihr Partner f\u00fcr alle Marken","potentialAction":[{"@type":"SearchAction","target":{"@type":"EntryPoint","urlTemplate":"https:\/\/www.bm-gmbh.co\/en\/?s={search_term_string}"},"query-input":{"@type":"PropertyValueSpecification","valueRequired":true,"valueName":"search_term_string"}}],"inLanguage":"en-US"},{"@type":"Organization","@id":"https:\/\/www.bm-gmbh.co\/en\/#organization","name":"b&m GmbH","alternateName":"b&m GmbH - Ihr Partner f\u00fcr alle Marken","url":"https:\/\/www.bm-gmbh.co\/en\/","logo":{"@type":"ImageObject","inLanguage":"en-US","@id":"https:\/\/www.bm-gmbh.co\/en\/#\/schema\/logo\/image\/","url":"https:\/\/www.bm-gmbh.co\/wp-content\/uploads\/bm-1024.png","contentUrl":"https:\/\/www.bm-gmbh.co\/wp-content\/uploads\/bm-1024.png","width":1024,"height":1024,"caption":"b&m GmbH"},"image":{"@id":"https:\/\/www.bm-gmbh.co\/en\/#\/schema\/logo\/image\/"},"description":"Mittelst\u00e4ndischer Anbieter f\u00fcr Farbspritztechnik, Oberfl\u00e4chentechnik, Pumpentechnik, Bautenschutz- und Injektionstechnik. Bedient prim\u00e4r Handwerk und Industrie Zentrale Produkte & Services: Spritztechnik: Hand- & Automatikpistolen, HD\/ND-Ger\u00e4te, 2K-Anlagen, Elektrostatiksysteme. Bautenschutz\/Injektionstechnik: Injektionsanlagen, Gelanlagen, Schnecken-\/Mischpumpen. Zubeh\u00f6r\/Technik: Kompressoren, Filteranlagen, R\u00fchrwerke, Packer & Injektoren. Fokus auf hochwertige, langlebige Profi-Ger\u00e4te \u2192 Interesse an zuverl\u00e4ssigen Partnern, Service & technischem Support.","email":"info@bm-gmbh.com","telephone":"0049 7546 923120","legalName":"b&m GmbH","numberOfEmployees":{"@type":"QuantitativeValue","minValue":"11","maxValue":"50"}}]},"product_brand":"facade paints","product_price_currency":"EUR","og_availability":"instock","product_availability":"instock","product_retailer_item_id":"BM307-17M141","product_condition":"new"},"_links":{"self":[{"href":"https:\/\/www.bm-gmbh.co\/en\/wp-json\/wp\/v2\/product\/18754","targetHints":{"allow":["GET"]}}],"collection":[{"href":"https:\/\/www.bm-gmbh.co\/en\/wp-json\/wp\/v2\/product"}],"about":[{"href":"https:\/\/www.bm-gmbh.co\/en\/wp-json\/wp\/v2\/types\/product"}],"wp:featuredmedia":[{"embeddable":true,"href":"https:\/\/www.bm-gmbh.co\/en\/wp-json\/wp\/v2\/media\/14996"}],"wp:attachment":[{"href":"https:\/\/www.bm-gmbh.co\/en\/wp-json\/wp\/v2\/media?parent=18754"}],"wp:term":[{"taxonomy":"product_brand","embeddable":true,"href":"https:\/\/www.bm-gmbh.co\/en\/wp-json\/wp\/v2\/product_brand?post=18754"},{"taxonomy":"product_cat","embeddable":true,"href":"https:\/\/www.bm-gmbh.co\/en\/wp-json\/wp\/v2\/product_cat?post=18754"},{"taxonomy":"product_tag","embeddable":true,"href":"https:\/\/www.bm-gmbh.co\/en\/wp-json\/wp\/v2\/product_tag?post=18754"}],"curies":[{"name":"wp","href":"https:\/\/api.w.org\/{rel}","templated":true}]}}