{"id":16397,"date":"2023-11-26T18:22:33","date_gmt":"2023-11-26T17:22:33","guid":{"rendered":"https:\/\/www.bm-gmbh.co\/produkte\/uncategorized\/worm-pump-bmp-6-jointing-set\/"},"modified":"2024-03-01T11:11:53","modified_gmt":"2024-03-01T10:11:53","slug":"worm-pump-bmp-6-jointing-set","status":"publish","type":"product","link":"https:\/\/www.bm-gmbh.co\/en\/products\/screw-pumps\/bmp6-en\/worm-pump-bmp-6-jointing-set\/","title":{"rendered":"Screw pump BMP 6 &#8211; Jointing set"},"content":{"rendered":"<p>The equipment for universatile use in the renovation and water proofing is the screw pump BMP 6. This pump is an allround equipment for filling,<br \/>\ninjecting or spraying a wide range or products with a grain size up to 2,0 mm such as mineral grouts, bituminous water proofing, fine plasters and renders, joint mortars,<br \/>\npaints and also bituminous thick coatings and epoxy mortars.<br \/>\nSolvent-containing products should only be used after consultation with the manufacturer. For filling and injection only electric power supply<br \/>\nof 230 or 110 V is needed. If spray application is required and additional air compressor for the atomizing air is necessary with an air output between 150 ltr<br \/>\n(fine products) up to 400 ltr (bituminous thick coatings) per min. A selection of accessories is available for the injection<br \/>\nwith almost any crack injector on the market. Material transport and pressure is created by a rotor inside a stator. The<br \/>\noutput capacity is steplessly adjustable between 0,5 up to 14 ltr \/ min. Remote control cables in different versions are available.<\/p>\n","protected":false},"excerpt":{"rendered":"<p>Suitable for:<br \/>\nGrout up to 2 mm.<br \/>\nConsisting of:<br \/>\nScrew pump BMP 6 240 V<br \/>\nMaterial hose 1&#8243; x 5 mtr. GEKA<br \/>\nJointing set with ball valve and 5 nozzles<br \/>\nRadio remote control<\/p>\n","protected":false},"featured_media":15189,"template":"","meta":{"site-sidebar-layout":"default","site-content-layout":"","ast-site-content-layout":"default","site-content-style":"default","site-sidebar-style":"default","ast-global-header-display":"","ast-banner-title-visibility":"","ast-main-header-display":"","ast-hfb-above-header-display":"","ast-hfb-below-header-display":"","ast-hfb-mobile-header-display":"","site-post-title":"","ast-breadcrumbs-content":"","ast-featured-img":"","footer-sml-layout":"","ast-disable-related-posts":"","theme-transparent-header-meta":"default","adv-header-id-meta":"","stick-header-meta":"","header-above-stick-meta":"","header-main-stick-meta":"","header-below-stick-meta":"","astra-migrate-meta-layouts":"set","ast-page-background-enabled":"default","ast-page-background-meta":{"desktop":{"background-color":"var(--ast-global-color-4)","background-image":"","background-repeat":"repeat","background-position":"center center","background-size":"auto","background-attachment":"scroll","background-type":"","background-media":"","overlay-type":"","overlay-color":"","overlay-opacity":"","overlay-gradient":""},"tablet":{"background-color":"","background-image":"","background-repeat":"repeat","background-position":"center center","background-size":"auto","background-attachment":"scroll","background-type":"","background-media":"","overlay-type":"","overlay-color":"","overlay-opacity":"","overlay-gradient":""},"mobile":{"background-color":"","background-image":"","background-repeat":"repeat","background-position":"center center","background-size":"auto","background-attachment":"scroll","background-type":"","background-media":"","overlay-type":"","overlay-color":"","overlay-opacity":"","overlay-gradient":""}},"ast-content-background-meta":{"desktop":{"background-color":"var(--ast-global-color-5)","background-image":"","background-repeat":"repeat","background-position":"center center","background-size":"auto","background-attachment":"scroll","background-type":"","background-media":"","overlay-type":"","overlay-color":"","overlay-opacity":"","overlay-gradient":""},"tablet":{"background-color":"var(--ast-global-color-5)","background-image":"","background-repeat":"repeat","background-position":"center center","background-size":"auto","background-attachment":"scroll","background-type":"","background-media":"","overlay-type":"","overlay-color":"","overlay-opacity":"","overlay-gradient":""},"mobile":{"background-color":"var(--ast-global-color-5)","background-image":"","background-repeat":"repeat","background-position":"center center","background-size":"auto","background-attachment":"scroll","background-type":"","background-media":"","overlay-type":"","overlay-color":"","overlay-opacity":"","overlay-gradient":""}}},"product_brand":[],"product_cat":[1366],"product_tag":[1375],"class_list":{"0":"post-16397","1":"product","2":"type-product","3":"status-publish","4":"has-post-thumbnail","6":"product_cat-bmp6-en","7":"product_tag-grout-up-to-2-mm-grain-size","8":"desktop-align-center","9":"tablet-align-left","10":"mobile-align-center","11":"ast-product-gallery-layout-horizontal-slider","12":"ast-product-gallery-with-no-image","13":"ast-qv-on-image","15":"first","16":"instock","17":"shipping-taxable","18":"product-type-simple"},"yoast_head":"<!-- This site is optimized with the Yoast SEO Premium plugin v27.3 (Yoast SEO v27.3) - https:\/\/yoast.com\/product\/yoast-seo-premium-wordpress\/ -->\n<title>Screw pump BMP 6 - Jointing set<\/title>\n<meta name=\"description\" content=\"Screw pump BMP 6 - Jointing set b&amp;m GmbH - Ihr Partner f\u00fcr alle Marken -\" \/>\n<meta name=\"robots\" content=\"index, follow, max-snippet:-1, max-image-preview:large, max-video-preview:-1\" \/>\n<link rel=\"canonical\" href=\"https:\/\/www.bm-gmbh.co\/en\/products\/screw-pumps\/bmp6-en\/worm-pump-bmp-6-jointing-set\/\" \/>\n<script type=\"application\/ld+json\" class=\"yoast-schema-graph\">{\"@context\":\"https:\\\/\\\/schema.org\",\"@graph\":[{\"@type\":\"WebPage\",\"@id\":\"https:\\\/\\\/www.bm-gmbh.co\\\/en\\\/products\\\/screw-pumps\\\/bmp6-en\\\/worm-pump-bmp-6-jointing-set\\\/\",\"url\":\"https:\\\/\\\/www.bm-gmbh.co\\\/en\\\/products\\\/screw-pumps\\\/bmp6-en\\\/worm-pump-bmp-6-jointing-set\\\/\",\"name\":\"Screw pump BMP 6 - Jointing set\",\"isPartOf\":{\"@id\":\"https:\\\/\\\/www.bm-gmbh.co\\\/en\\\/#website\"},\"primaryImageOfPage\":{\"@id\":\"https:\\\/\\\/www.bm-gmbh.co\\\/en\\\/products\\\/screw-pumps\\\/bmp6-en\\\/worm-pump-bmp-6-jointing-set\\\/#primaryimage\"},\"image\":{\"@id\":\"https:\\\/\\\/www.bm-gmbh.co\\\/en\\\/products\\\/screw-pumps\\\/bmp6-en\\\/worm-pump-bmp-6-jointing-set\\\/#primaryimage\"},\"thumbnailUrl\":\"https:\\\/\\\/www.bm-gmbh.co\\\/wp-content\\\/uploads\\\/BMP6-Fugenset-6200-60.png\",\"datePublished\":\"2023-11-26T17:22:33+00:00\",\"dateModified\":\"2024-03-01T10:11:53+00:00\",\"description\":\"Screw pump BMP 6 - Jointing set b&amp;m GmbH - Ihr Partner f\u00fcr alle Marken -\",\"breadcrumb\":{\"@id\":\"https:\\\/\\\/www.bm-gmbh.co\\\/en\\\/products\\\/screw-pumps\\\/bmp6-en\\\/worm-pump-bmp-6-jointing-set\\\/#breadcrumb\"},\"inLanguage\":\"en-US\",\"potentialAction\":[{\"@type\":\"ReadAction\",\"target\":[\"https:\\\/\\\/www.bm-gmbh.co\\\/en\\\/products\\\/screw-pumps\\\/bmp6-en\\\/worm-pump-bmp-6-jointing-set\\\/\"]}]},{\"@type\":\"ImageObject\",\"inLanguage\":\"en-US\",\"@id\":\"https:\\\/\\\/www.bm-gmbh.co\\\/en\\\/products\\\/screw-pumps\\\/bmp6-en\\\/worm-pump-bmp-6-jointing-set\\\/#primaryimage\",\"url\":\"https:\\\/\\\/www.bm-gmbh.co\\\/wp-content\\\/uploads\\\/BMP6-Fugenset-6200-60.png\",\"contentUrl\":\"https:\\\/\\\/www.bm-gmbh.co\\\/wp-content\\\/uploads\\\/BMP6-Fugenset-6200-60.png\",\"width\":850,\"height\":1024,\"caption\":\"Fugenset BMP 6\"},{\"@type\":\"BreadcrumbList\",\"@id\":\"https:\\\/\\\/www.bm-gmbh.co\\\/en\\\/products\\\/screw-pumps\\\/bmp6-en\\\/worm-pump-bmp-6-jointing-set\\\/#breadcrumb\",\"itemListElement\":[{\"@type\":\"ListItem\",\"position\":1,\"name\":\"Startseite\",\"item\":\"https:\\\/\\\/www.bm-gmbh.co\\\/en\\\/home-page\\\/\"},{\"@type\":\"ListItem\",\"position\":2,\"name\":\"Products\",\"item\":\"https:\\\/\\\/www.bm-gmbh.co\\\/en\\\/products-2\\\/\"},{\"@type\":\"ListItem\",\"position\":3,\"name\":\"Screw pump BMP 6 &#8211; Jointing set\"}]},{\"@type\":\"WebSite\",\"@id\":\"https:\\\/\\\/www.bm-gmbh.co\\\/en\\\/#website\",\"url\":\"https:\\\/\\\/www.bm-gmbh.co\\\/en\\\/\",\"name\":\"b&m GmbH\",\"description\":\"Ihr Partner f\u00fcr alle Marken\",\"publisher\":{\"@id\":\"https:\\\/\\\/www.bm-gmbh.co\\\/en\\\/#organization\"},\"alternateName\":\"b&m GmbH - Ihr Partner f\u00fcr alle Marken\",\"potentialAction\":[{\"@type\":\"SearchAction\",\"target\":{\"@type\":\"EntryPoint\",\"urlTemplate\":\"https:\\\/\\\/www.bm-gmbh.co\\\/en\\\/?s={search_term_string}\"},\"query-input\":{\"@type\":\"PropertyValueSpecification\",\"valueRequired\":true,\"valueName\":\"search_term_string\"}}],\"inLanguage\":\"en-US\"},{\"@type\":\"Organization\",\"@id\":\"https:\\\/\\\/www.bm-gmbh.co\\\/en\\\/#organization\",\"name\":\"b&m GmbH\",\"alternateName\":\"b&m GmbH - Ihr Partner f\u00fcr alle Marken\",\"url\":\"https:\\\/\\\/www.bm-gmbh.co\\\/en\\\/\",\"logo\":{\"@type\":\"ImageObject\",\"inLanguage\":\"en-US\",\"@id\":\"https:\\\/\\\/www.bm-gmbh.co\\\/en\\\/#\\\/schema\\\/logo\\\/image\\\/\",\"url\":\"https:\\\/\\\/www.bm-gmbh.co\\\/wp-content\\\/uploads\\\/bm-1024.png\",\"contentUrl\":\"https:\\\/\\\/www.bm-gmbh.co\\\/wp-content\\\/uploads\\\/bm-1024.png\",\"width\":1024,\"height\":1024,\"caption\":\"b&m GmbH\"},\"image\":{\"@id\":\"https:\\\/\\\/www.bm-gmbh.co\\\/en\\\/#\\\/schema\\\/logo\\\/image\\\/\"},\"description\":\"Mittelst\u00e4ndischer Anbieter f\u00fcr Farbspritztechnik, Oberfl\u00e4chentechnik, Pumpentechnik, Bautenschutz- und Injektionstechnik. Bedient prim\u00e4r Handwerk und Industrie Zentrale Produkte & Services: Spritztechnik: Hand- & Automatikpistolen, HD\\\/ND-Ger\u00e4te, 2K-Anlagen, Elektrostatiksysteme. Bautenschutz\\\/Injektionstechnik: Injektionsanlagen, Gelanlagen, Schnecken-\\\/Mischpumpen. Zubeh\u00f6r\\\/Technik: Kompressoren, Filteranlagen, R\u00fchrwerke, Packer & Injektoren. Fokus auf hochwertige, langlebige Profi-Ger\u00e4te \u2192 Interesse an zuverl\u00e4ssigen Partnern, Service & technischem Support.\",\"email\":\"info@bm-gmbh.com\",\"telephone\":\"0049 7546 923120\",\"legalName\":\"b&m GmbH\",\"numberOfEmployees\":{\"@type\":\"QuantitativeValue\",\"minValue\":\"11\",\"maxValue\":\"50\"}}]}<\/script>\n<meta property=\"product:brand\" content=\"Grout up to 2 mm grain size\" \/>\n<meta property=\"product:price:currency\" content=\"EUR\" \/>\n<meta property=\"og:availability\" content=\"instock\" \/>\n<meta property=\"product:availability\" content=\"instock\" \/>\n<meta property=\"product:retailer_item_id\" content=\"BMP6200-60\" \/>\n<meta property=\"product:condition\" content=\"new\" \/>\n<!-- \/ Yoast SEO Premium plugin. -->","yoast_head_json":{"title":"Screw pump BMP 6 - Jointing set","description":"Screw pump BMP 6 - Jointing set b&amp;m GmbH - Ihr Partner f\u00fcr alle Marken -","robots":{"index":"index","follow":"follow","max-snippet":"max-snippet:-1","max-image-preview":"max-image-preview:large","max-video-preview":"max-video-preview:-1"},"canonical":"https:\/\/www.bm-gmbh.co\/en\/products\/screw-pumps\/bmp6-en\/worm-pump-bmp-6-jointing-set\/","schema":{"@context":"https:\/\/schema.org","@graph":[{"@type":"WebPage","@id":"https:\/\/www.bm-gmbh.co\/en\/products\/screw-pumps\/bmp6-en\/worm-pump-bmp-6-jointing-set\/","url":"https:\/\/www.bm-gmbh.co\/en\/products\/screw-pumps\/bmp6-en\/worm-pump-bmp-6-jointing-set\/","name":"Screw pump BMP 6 - Jointing set","isPartOf":{"@id":"https:\/\/www.bm-gmbh.co\/en\/#website"},"primaryImageOfPage":{"@id":"https:\/\/www.bm-gmbh.co\/en\/products\/screw-pumps\/bmp6-en\/worm-pump-bmp-6-jointing-set\/#primaryimage"},"image":{"@id":"https:\/\/www.bm-gmbh.co\/en\/products\/screw-pumps\/bmp6-en\/worm-pump-bmp-6-jointing-set\/#primaryimage"},"thumbnailUrl":"https:\/\/www.bm-gmbh.co\/wp-content\/uploads\/BMP6-Fugenset-6200-60.png","datePublished":"2023-11-26T17:22:33+00:00","dateModified":"2024-03-01T10:11:53+00:00","description":"Screw pump BMP 6 - Jointing set b&amp;m GmbH - Ihr Partner f\u00fcr alle Marken -","breadcrumb":{"@id":"https:\/\/www.bm-gmbh.co\/en\/products\/screw-pumps\/bmp6-en\/worm-pump-bmp-6-jointing-set\/#breadcrumb"},"inLanguage":"en-US","potentialAction":[{"@type":"ReadAction","target":["https:\/\/www.bm-gmbh.co\/en\/products\/screw-pumps\/bmp6-en\/worm-pump-bmp-6-jointing-set\/"]}]},{"@type":"ImageObject","inLanguage":"en-US","@id":"https:\/\/www.bm-gmbh.co\/en\/products\/screw-pumps\/bmp6-en\/worm-pump-bmp-6-jointing-set\/#primaryimage","url":"https:\/\/www.bm-gmbh.co\/wp-content\/uploads\/BMP6-Fugenset-6200-60.png","contentUrl":"https:\/\/www.bm-gmbh.co\/wp-content\/uploads\/BMP6-Fugenset-6200-60.png","width":850,"height":1024,"caption":"Fugenset BMP 6"},{"@type":"BreadcrumbList","@id":"https:\/\/www.bm-gmbh.co\/en\/products\/screw-pumps\/bmp6-en\/worm-pump-bmp-6-jointing-set\/#breadcrumb","itemListElement":[{"@type":"ListItem","position":1,"name":"Startseite","item":"https:\/\/www.bm-gmbh.co\/en\/home-page\/"},{"@type":"ListItem","position":2,"name":"Products","item":"https:\/\/www.bm-gmbh.co\/en\/products-2\/"},{"@type":"ListItem","position":3,"name":"Screw pump BMP 6 &#8211; Jointing set"}]},{"@type":"WebSite","@id":"https:\/\/www.bm-gmbh.co\/en\/#website","url":"https:\/\/www.bm-gmbh.co\/en\/","name":"b&m GmbH","description":"Ihr Partner f\u00fcr alle Marken","publisher":{"@id":"https:\/\/www.bm-gmbh.co\/en\/#organization"},"alternateName":"b&m GmbH - Ihr Partner f\u00fcr alle Marken","potentialAction":[{"@type":"SearchAction","target":{"@type":"EntryPoint","urlTemplate":"https:\/\/www.bm-gmbh.co\/en\/?s={search_term_string}"},"query-input":{"@type":"PropertyValueSpecification","valueRequired":true,"valueName":"search_term_string"}}],"inLanguage":"en-US"},{"@type":"Organization","@id":"https:\/\/www.bm-gmbh.co\/en\/#organization","name":"b&m GmbH","alternateName":"b&m GmbH - Ihr Partner f\u00fcr alle Marken","url":"https:\/\/www.bm-gmbh.co\/en\/","logo":{"@type":"ImageObject","inLanguage":"en-US","@id":"https:\/\/www.bm-gmbh.co\/en\/#\/schema\/logo\/image\/","url":"https:\/\/www.bm-gmbh.co\/wp-content\/uploads\/bm-1024.png","contentUrl":"https:\/\/www.bm-gmbh.co\/wp-content\/uploads\/bm-1024.png","width":1024,"height":1024,"caption":"b&m GmbH"},"image":{"@id":"https:\/\/www.bm-gmbh.co\/en\/#\/schema\/logo\/image\/"},"description":"Mittelst\u00e4ndischer Anbieter f\u00fcr Farbspritztechnik, Oberfl\u00e4chentechnik, Pumpentechnik, Bautenschutz- und Injektionstechnik. Bedient prim\u00e4r Handwerk und Industrie Zentrale Produkte & Services: Spritztechnik: Hand- & Automatikpistolen, HD\/ND-Ger\u00e4te, 2K-Anlagen, Elektrostatiksysteme. Bautenschutz\/Injektionstechnik: Injektionsanlagen, Gelanlagen, Schnecken-\/Mischpumpen. Zubeh\u00f6r\/Technik: Kompressoren, Filteranlagen, R\u00fchrwerke, Packer & Injektoren. Fokus auf hochwertige, langlebige Profi-Ger\u00e4te \u2192 Interesse an zuverl\u00e4ssigen Partnern, Service & technischem Support.","email":"info@bm-gmbh.com","telephone":"0049 7546 923120","legalName":"b&m GmbH","numberOfEmployees":{"@type":"QuantitativeValue","minValue":"11","maxValue":"50"}}]},"product_brand":"Grout up to 2 mm grain size","product_price_currency":"EUR","og_availability":"instock","product_availability":"instock","product_retailer_item_id":"BMP6200-60","product_condition":"new"},"_links":{"self":[{"href":"https:\/\/www.bm-gmbh.co\/en\/wp-json\/wp\/v2\/product\/16397","targetHints":{"allow":["GET"]}}],"collection":[{"href":"https:\/\/www.bm-gmbh.co\/en\/wp-json\/wp\/v2\/product"}],"about":[{"href":"https:\/\/www.bm-gmbh.co\/en\/wp-json\/wp\/v2\/types\/product"}],"wp:featuredmedia":[{"embeddable":true,"href":"https:\/\/www.bm-gmbh.co\/en\/wp-json\/wp\/v2\/media\/15189"}],"wp:attachment":[{"href":"https:\/\/www.bm-gmbh.co\/en\/wp-json\/wp\/v2\/media?parent=16397"}],"wp:term":[{"taxonomy":"product_brand","embeddable":true,"href":"https:\/\/www.bm-gmbh.co\/en\/wp-json\/wp\/v2\/product_brand?post=16397"},{"taxonomy":"product_cat","embeddable":true,"href":"https:\/\/www.bm-gmbh.co\/en\/wp-json\/wp\/v2\/product_cat?post=16397"},{"taxonomy":"product_tag","embeddable":true,"href":"https:\/\/www.bm-gmbh.co\/en\/wp-json\/wp\/v2\/product_tag?post=16397"}],"curies":[{"name":"wp","href":"https:\/\/api.w.org\/{rel}","templated":true}]}}