{"id":15909,"date":"2024-01-16T10:48:18","date_gmt":"2024-01-16T09:48:18","guid":{"rendered":"https:\/\/www.bm-gmbh.co\/produkte\/uncategorized\/extension-piece-for-ram-lance-system-d13-mm-1000-mm\/"},"modified":"2025-05-14T17:18:38","modified_gmt":"2025-05-14T15:18:38","slug":"extension-piece-for-ram-lance-system-d13-mm-1000-mm","status":"publish","type":"product","link":"https:\/\/www.bm-gmbh.co\/en\/products\/injection-packer-high-pressure\/special-packers-and-ram-lances\/extension-piece-for-ram-lance-system-d13-mm-1000-mm\/","title":{"rendered":"Extension piece for ram lance system dia 13 mm &#8211; 1000 mm"},"content":{"rendered":"<p>without drill holes, length 1000 mm, 2x male thread G 1\/4 \u0301 \u0301<\/p>\n<p>Item number: BM177-Ramm4007<\/p>\n","protected":false},"excerpt":{"rendered":"<p>without drill holes, length 1000 mm, 2x male thread G 1\/4 \u0301 \u0301 Item number: BM177-Ramm4007<\/p>\n","protected":false},"featured_media":15665,"template":"","meta":{"site-sidebar-layout":"default","site-content-layout":"","ast-site-content-layout":"default","site-content-style":"default","site-sidebar-style":"default","ast-global-header-display":"","ast-banner-title-visibility":"","ast-main-header-display":"","ast-hfb-above-header-display":"","ast-hfb-below-header-display":"","ast-hfb-mobile-header-display":"","site-post-title":"","ast-breadcrumbs-content":"","ast-featured-img":"","footer-sml-layout":"","ast-disable-related-posts":"","theme-transparent-header-meta":"default","adv-header-id-meta":"","stick-header-meta":"default","header-above-stick-meta":"","header-main-stick-meta":"","header-below-stick-meta":"","astra-migrate-meta-layouts":"set","ast-page-background-enabled":"default","ast-page-background-meta":{"desktop":{"background-color":"var(--ast-global-color-4)","background-image":"","background-repeat":"repeat","background-position":"center center","background-size":"auto","background-attachment":"scroll","background-type":"","background-media":"","overlay-type":"","overlay-color":"","overlay-opacity":"","overlay-gradient":""},"tablet":{"background-color":"","background-image":"","background-repeat":"repeat","background-position":"center center","background-size":"auto","background-attachment":"scroll","background-type":"","background-media":"","overlay-type":"","overlay-color":"","overlay-opacity":"","overlay-gradient":""},"mobile":{"background-color":"","background-image":"","background-repeat":"repeat","background-position":"center center","background-size":"auto","background-attachment":"scroll","background-type":"","background-media":"","overlay-type":"","overlay-color":"","overlay-opacity":"","overlay-gradient":""}},"ast-content-background-meta":{"desktop":{"background-color":"var(--ast-global-color-5)","background-image":"","background-repeat":"repeat","background-position":"center center","background-size":"auto","background-attachment":"scroll","background-type":"","background-media":"","overlay-type":"","overlay-color":"","overlay-opacity":"","overlay-gradient":""},"tablet":{"background-color":"var(--ast-global-color-5)","background-image":"","background-repeat":"repeat","background-position":"center center","background-size":"auto","background-attachment":"scroll","background-type":"","background-media":"","overlay-type":"","overlay-color":"","overlay-opacity":"","overlay-gradient":""},"mobile":{"background-color":"var(--ast-global-color-5)","background-image":"","background-repeat":"repeat","background-position":"center center","background-size":"auto","background-attachment":"scroll","background-type":"","background-media":"","overlay-type":"","overlay-color":"","overlay-opacity":"","overlay-gradient":""}}},"product_brand":[],"product_cat":[1198],"product_tag":[1201,1199,1200],"class_list":{"0":"post-15909","1":"product","2":"type-product","3":"status-publish","4":"has-post-thumbnail","6":"product_cat-special-packers-and-ram-lances","7":"product_tag-lift-injection","8":"product_tag-subsoil-stabilization","9":"product_tag-underpinning","10":"desktop-align-center","11":"tablet-align-left","12":"mobile-align-center","13":"ast-product-gallery-layout-horizontal-slider","14":"ast-product-gallery-with-no-image","15":"ast-qv-on-image","17":"first","18":"instock","19":"shipping-taxable","20":"product-type-simple"},"yoast_head":"<!-- This site is optimized with the Yoast SEO Premium plugin v27.3 (Yoast SEO v27.3) - https:\/\/yoast.com\/product\/yoast-seo-premium-wordpress\/ -->\n<title>Extension piece for ram lance system<\/title>\n<meta name=\"description\" content=\"Extension piece for pile lance system without drill holes, length 1000 mm, 2x external thread G 1\/4 \u0301 \u0301\" \/>\n<meta name=\"robots\" content=\"index, follow, max-snippet:-1, max-image-preview:large, max-video-preview:-1\" \/>\n<link rel=\"canonical\" href=\"https:\/\/www.bm-gmbh.co\/en\/products\/injection-packer-high-pressure\/special-packers-and-ram-lances\/extension-piece-for-ram-lance-system-d13-mm-1000-mm\/\" \/>\n<script type=\"application\/ld+json\" class=\"yoast-schema-graph\">{\"@context\":\"https:\\\/\\\/schema.org\",\"@graph\":[{\"@type\":\"WebPage\",\"@id\":\"https:\\\/\\\/www.bm-gmbh.co\\\/en\\\/products\\\/injection-packer-high-pressure\\\/special-packers-and-ram-lances\\\/extension-piece-for-ram-lance-system-d13-mm-1000-mm\\\/\",\"url\":\"https:\\\/\\\/www.bm-gmbh.co\\\/en\\\/products\\\/injection-packer-high-pressure\\\/special-packers-and-ram-lances\\\/extension-piece-for-ram-lance-system-d13-mm-1000-mm\\\/\",\"name\":\"Extension piece for ram lance system\",\"isPartOf\":{\"@id\":\"https:\\\/\\\/www.bm-gmbh.co\\\/en\\\/#website\"},\"primaryImageOfPage\":{\"@id\":\"https:\\\/\\\/www.bm-gmbh.co\\\/en\\\/products\\\/injection-packer-high-pressure\\\/special-packers-and-ram-lances\\\/extension-piece-for-ram-lance-system-d13-mm-1000-mm\\\/#primaryimage\"},\"image\":{\"@id\":\"https:\\\/\\\/www.bm-gmbh.co\\\/en\\\/products\\\/injection-packer-high-pressure\\\/special-packers-and-ram-lances\\\/extension-piece-for-ram-lance-system-d13-mm-1000-mm\\\/#primaryimage\"},\"thumbnailUrl\":\"https:\\\/\\\/www.bm-gmbh.co\\\/wp-content\\\/uploads\\\/PNG_Verlaengerungspacker13mm_Ramm4007-4012-1.png\",\"datePublished\":\"2024-01-16T09:48:18+00:00\",\"dateModified\":\"2025-05-14T15:18:38+00:00\",\"description\":\"Extension piece for pile lance system without drill holes, length 1000 mm, 2x external thread G 1\\\/4 \u0301 \u0301\",\"breadcrumb\":{\"@id\":\"https:\\\/\\\/www.bm-gmbh.co\\\/en\\\/products\\\/injection-packer-high-pressure\\\/special-packers-and-ram-lances\\\/extension-piece-for-ram-lance-system-d13-mm-1000-mm\\\/#breadcrumb\"},\"inLanguage\":\"en-US\",\"potentialAction\":[{\"@type\":\"ReadAction\",\"target\":[\"https:\\\/\\\/www.bm-gmbh.co\\\/en\\\/products\\\/injection-packer-high-pressure\\\/special-packers-and-ram-lances\\\/extension-piece-for-ram-lance-system-d13-mm-1000-mm\\\/\"]}]},{\"@type\":\"ImageObject\",\"inLanguage\":\"en-US\",\"@id\":\"https:\\\/\\\/www.bm-gmbh.co\\\/en\\\/products\\\/injection-packer-high-pressure\\\/special-packers-and-ram-lances\\\/extension-piece-for-ram-lance-system-d13-mm-1000-mm\\\/#primaryimage\",\"url\":\"https:\\\/\\\/www.bm-gmbh.co\\\/wp-content\\\/uploads\\\/PNG_Verlaengerungspacker13mm_Ramm4007-4012-1.png\",\"contentUrl\":\"https:\\\/\\\/www.bm-gmbh.co\\\/wp-content\\\/uploads\\\/PNG_Verlaengerungspacker13mm_Ramm4007-4012-1.png\",\"width\":1024,\"height\":250,\"caption\":\"Extension piece D13 mm without drill hole\"},{\"@type\":\"BreadcrumbList\",\"@id\":\"https:\\\/\\\/www.bm-gmbh.co\\\/en\\\/products\\\/injection-packer-high-pressure\\\/special-packers-and-ram-lances\\\/extension-piece-for-ram-lance-system-d13-mm-1000-mm\\\/#breadcrumb\",\"itemListElement\":[{\"@type\":\"ListItem\",\"position\":1,\"name\":\"Startseite\",\"item\":\"https:\\\/\\\/www.bm-gmbh.co\\\/en\\\/home-page\\\/\"},{\"@type\":\"ListItem\",\"position\":2,\"name\":\"Products\",\"item\":\"https:\\\/\\\/www.bm-gmbh.co\\\/en\\\/products-2\\\/\"},{\"@type\":\"ListItem\",\"position\":3,\"name\":\"Extension piece for ram lance system dia 13 mm &#8211; 1000 mm\"}]},{\"@type\":\"WebSite\",\"@id\":\"https:\\\/\\\/www.bm-gmbh.co\\\/en\\\/#website\",\"url\":\"https:\\\/\\\/www.bm-gmbh.co\\\/en\\\/\",\"name\":\"b&m GmbH\",\"description\":\"Ihr Partner f\u00fcr alle Marken\",\"publisher\":{\"@id\":\"https:\\\/\\\/www.bm-gmbh.co\\\/en\\\/#organization\"},\"alternateName\":\"b&m GmbH - Ihr Partner f\u00fcr alle Marken\",\"potentialAction\":[{\"@type\":\"SearchAction\",\"target\":{\"@type\":\"EntryPoint\",\"urlTemplate\":\"https:\\\/\\\/www.bm-gmbh.co\\\/en\\\/?s={search_term_string}\"},\"query-input\":{\"@type\":\"PropertyValueSpecification\",\"valueRequired\":true,\"valueName\":\"search_term_string\"}}],\"inLanguage\":\"en-US\"},{\"@type\":\"Organization\",\"@id\":\"https:\\\/\\\/www.bm-gmbh.co\\\/en\\\/#organization\",\"name\":\"b&m GmbH\",\"alternateName\":\"b&m GmbH - Ihr Partner f\u00fcr alle Marken\",\"url\":\"https:\\\/\\\/www.bm-gmbh.co\\\/en\\\/\",\"logo\":{\"@type\":\"ImageObject\",\"inLanguage\":\"en-US\",\"@id\":\"https:\\\/\\\/www.bm-gmbh.co\\\/en\\\/#\\\/schema\\\/logo\\\/image\\\/\",\"url\":\"https:\\\/\\\/www.bm-gmbh.co\\\/wp-content\\\/uploads\\\/bm-1024.png\",\"contentUrl\":\"https:\\\/\\\/www.bm-gmbh.co\\\/wp-content\\\/uploads\\\/bm-1024.png\",\"width\":1024,\"height\":1024,\"caption\":\"b&m GmbH\"},\"image\":{\"@id\":\"https:\\\/\\\/www.bm-gmbh.co\\\/en\\\/#\\\/schema\\\/logo\\\/image\\\/\"},\"description\":\"Mittelst\u00e4ndischer Anbieter f\u00fcr Farbspritztechnik, Oberfl\u00e4chentechnik, Pumpentechnik, Bautenschutz- und Injektionstechnik. Bedient prim\u00e4r Handwerk und Industrie Zentrale Produkte & Services: Spritztechnik: Hand- & Automatikpistolen, HD\\\/ND-Ger\u00e4te, 2K-Anlagen, Elektrostatiksysteme. Bautenschutz\\\/Injektionstechnik: Injektionsanlagen, Gelanlagen, Schnecken-\\\/Mischpumpen. Zubeh\u00f6r\\\/Technik: Kompressoren, Filteranlagen, R\u00fchrwerke, Packer & Injektoren. Fokus auf hochwertige, langlebige Profi-Ger\u00e4te \u2192 Interesse an zuverl\u00e4ssigen Partnern, Service & technischem Support.\",\"email\":\"info@bm-gmbh.com\",\"telephone\":\"0049 7546 923120\",\"legalName\":\"b&m GmbH\",\"numberOfEmployees\":{\"@type\":\"QuantitativeValue\",\"minValue\":\"11\",\"maxValue\":\"50\"}}]}<\/script>\n<meta property=\"product:brand\" content=\"Lift injection\" \/>\n<meta property=\"product:price:currency\" content=\"EUR\" \/>\n<meta property=\"og:availability\" content=\"instock\" \/>\n<meta property=\"product:availability\" content=\"instock\" \/>\n<meta property=\"product:retailer_item_id\" content=\"BM177-Ramm4007\" \/>\n<meta property=\"product:condition\" content=\"new\" \/>\n<!-- \/ Yoast SEO Premium plugin. -->","yoast_head_json":{"title":"Extension piece for ram lance system","description":"Extension piece for pile lance system without drill holes, length 1000 mm, 2x external thread G 1\/4 \u0301 \u0301","robots":{"index":"index","follow":"follow","max-snippet":"max-snippet:-1","max-image-preview":"max-image-preview:large","max-video-preview":"max-video-preview:-1"},"canonical":"https:\/\/www.bm-gmbh.co\/en\/products\/injection-packer-high-pressure\/special-packers-and-ram-lances\/extension-piece-for-ram-lance-system-d13-mm-1000-mm\/","schema":{"@context":"https:\/\/schema.org","@graph":[{"@type":"WebPage","@id":"https:\/\/www.bm-gmbh.co\/en\/products\/injection-packer-high-pressure\/special-packers-and-ram-lances\/extension-piece-for-ram-lance-system-d13-mm-1000-mm\/","url":"https:\/\/www.bm-gmbh.co\/en\/products\/injection-packer-high-pressure\/special-packers-and-ram-lances\/extension-piece-for-ram-lance-system-d13-mm-1000-mm\/","name":"Extension piece for ram lance system","isPartOf":{"@id":"https:\/\/www.bm-gmbh.co\/en\/#website"},"primaryImageOfPage":{"@id":"https:\/\/www.bm-gmbh.co\/en\/products\/injection-packer-high-pressure\/special-packers-and-ram-lances\/extension-piece-for-ram-lance-system-d13-mm-1000-mm\/#primaryimage"},"image":{"@id":"https:\/\/www.bm-gmbh.co\/en\/products\/injection-packer-high-pressure\/special-packers-and-ram-lances\/extension-piece-for-ram-lance-system-d13-mm-1000-mm\/#primaryimage"},"thumbnailUrl":"https:\/\/www.bm-gmbh.co\/wp-content\/uploads\/PNG_Verlaengerungspacker13mm_Ramm4007-4012-1.png","datePublished":"2024-01-16T09:48:18+00:00","dateModified":"2025-05-14T15:18:38+00:00","description":"Extension piece for pile lance system without drill holes, length 1000 mm, 2x external thread G 1\/4 \u0301 \u0301","breadcrumb":{"@id":"https:\/\/www.bm-gmbh.co\/en\/products\/injection-packer-high-pressure\/special-packers-and-ram-lances\/extension-piece-for-ram-lance-system-d13-mm-1000-mm\/#breadcrumb"},"inLanguage":"en-US","potentialAction":[{"@type":"ReadAction","target":["https:\/\/www.bm-gmbh.co\/en\/products\/injection-packer-high-pressure\/special-packers-and-ram-lances\/extension-piece-for-ram-lance-system-d13-mm-1000-mm\/"]}]},{"@type":"ImageObject","inLanguage":"en-US","@id":"https:\/\/www.bm-gmbh.co\/en\/products\/injection-packer-high-pressure\/special-packers-and-ram-lances\/extension-piece-for-ram-lance-system-d13-mm-1000-mm\/#primaryimage","url":"https:\/\/www.bm-gmbh.co\/wp-content\/uploads\/PNG_Verlaengerungspacker13mm_Ramm4007-4012-1.png","contentUrl":"https:\/\/www.bm-gmbh.co\/wp-content\/uploads\/PNG_Verlaengerungspacker13mm_Ramm4007-4012-1.png","width":1024,"height":250,"caption":"Extension piece D13 mm without drill hole"},{"@type":"BreadcrumbList","@id":"https:\/\/www.bm-gmbh.co\/en\/products\/injection-packer-high-pressure\/special-packers-and-ram-lances\/extension-piece-for-ram-lance-system-d13-mm-1000-mm\/#breadcrumb","itemListElement":[{"@type":"ListItem","position":1,"name":"Startseite","item":"https:\/\/www.bm-gmbh.co\/en\/home-page\/"},{"@type":"ListItem","position":2,"name":"Products","item":"https:\/\/www.bm-gmbh.co\/en\/products-2\/"},{"@type":"ListItem","position":3,"name":"Extension piece for ram lance system dia 13 mm &#8211; 1000 mm"}]},{"@type":"WebSite","@id":"https:\/\/www.bm-gmbh.co\/en\/#website","url":"https:\/\/www.bm-gmbh.co\/en\/","name":"b&m GmbH","description":"Ihr Partner f\u00fcr alle Marken","publisher":{"@id":"https:\/\/www.bm-gmbh.co\/en\/#organization"},"alternateName":"b&m GmbH - Ihr Partner f\u00fcr alle Marken","potentialAction":[{"@type":"SearchAction","target":{"@type":"EntryPoint","urlTemplate":"https:\/\/www.bm-gmbh.co\/en\/?s={search_term_string}"},"query-input":{"@type":"PropertyValueSpecification","valueRequired":true,"valueName":"search_term_string"}}],"inLanguage":"en-US"},{"@type":"Organization","@id":"https:\/\/www.bm-gmbh.co\/en\/#organization","name":"b&m GmbH","alternateName":"b&m GmbH - Ihr Partner f\u00fcr alle Marken","url":"https:\/\/www.bm-gmbh.co\/en\/","logo":{"@type":"ImageObject","inLanguage":"en-US","@id":"https:\/\/www.bm-gmbh.co\/en\/#\/schema\/logo\/image\/","url":"https:\/\/www.bm-gmbh.co\/wp-content\/uploads\/bm-1024.png","contentUrl":"https:\/\/www.bm-gmbh.co\/wp-content\/uploads\/bm-1024.png","width":1024,"height":1024,"caption":"b&m GmbH"},"image":{"@id":"https:\/\/www.bm-gmbh.co\/en\/#\/schema\/logo\/image\/"},"description":"Mittelst\u00e4ndischer Anbieter f\u00fcr Farbspritztechnik, Oberfl\u00e4chentechnik, Pumpentechnik, Bautenschutz- und Injektionstechnik. Bedient prim\u00e4r Handwerk und Industrie Zentrale Produkte & Services: Spritztechnik: Hand- & Automatikpistolen, HD\/ND-Ger\u00e4te, 2K-Anlagen, Elektrostatiksysteme. Bautenschutz\/Injektionstechnik: Injektionsanlagen, Gelanlagen, Schnecken-\/Mischpumpen. Zubeh\u00f6r\/Technik: Kompressoren, Filteranlagen, R\u00fchrwerke, Packer & Injektoren. Fokus auf hochwertige, langlebige Profi-Ger\u00e4te \u2192 Interesse an zuverl\u00e4ssigen Partnern, Service & technischem Support.","email":"info@bm-gmbh.com","telephone":"0049 7546 923120","legalName":"b&m GmbH","numberOfEmployees":{"@type":"QuantitativeValue","minValue":"11","maxValue":"50"}}]},"product_brand":"Lift injection","product_price_currency":"EUR","og_availability":"instock","product_availability":"instock","product_retailer_item_id":"BM177-Ramm4007","product_condition":"new"},"_links":{"self":[{"href":"https:\/\/www.bm-gmbh.co\/en\/wp-json\/wp\/v2\/product\/15909","targetHints":{"allow":["GET"]}}],"collection":[{"href":"https:\/\/www.bm-gmbh.co\/en\/wp-json\/wp\/v2\/product"}],"about":[{"href":"https:\/\/www.bm-gmbh.co\/en\/wp-json\/wp\/v2\/types\/product"}],"wp:featuredmedia":[{"embeddable":true,"href":"https:\/\/www.bm-gmbh.co\/en\/wp-json\/wp\/v2\/media\/15665"}],"wp:attachment":[{"href":"https:\/\/www.bm-gmbh.co\/en\/wp-json\/wp\/v2\/media?parent=15909"}],"wp:term":[{"taxonomy":"product_brand","embeddable":true,"href":"https:\/\/www.bm-gmbh.co\/en\/wp-json\/wp\/v2\/product_brand?post=15909"},{"taxonomy":"product_cat","embeddable":true,"href":"https:\/\/www.bm-gmbh.co\/en\/wp-json\/wp\/v2\/product_cat?post=15909"},{"taxonomy":"product_tag","embeddable":true,"href":"https:\/\/www.bm-gmbh.co\/en\/wp-json\/wp\/v2\/product_tag?post=15909"}],"curies":[{"name":"wp","href":"https:\/\/api.w.org\/{rel}","templated":true}]}}