{"id":15890,"date":"2024-01-16T10:58:29","date_gmt":"2024-01-16T09:58:29","guid":{"rendered":"https:\/\/www.bm-gmbh.co\/produkte\/uncategorized\/electric-piston-pump-lp-555-vp\/"},"modified":"2025-05-14T16:05:53","modified_gmt":"2025-05-14T14:05:53","slug":"electric-piston-pump-lp-555-vp","status":"publish","type":"product","link":"https:\/\/www.bm-gmbh.co\/en\/products\/injection-devices_1k\/electric-piston-pumps-vp\/electric-piston-pump-lp-555-vp\/","title":{"rendered":"Electric piston pump LP 555 VP"},"content":{"rendered":"<p>The alternative to electric diaphragm pumps are electric driven high pressure piston pumps. These devices are preferably used for use with 1- and 2-component PUR, epoxy or silicate resins.<br \/>\nThe material is supplied via a 6-litre upper container with a lid, which is transparent and provided with a scale to ensure easy visual control of material consumption. Unit is light weight, easy to transport and only 230 V voltage supply is needed to operate. An additional compressor is not required.<br \/>\nThe delivery pressure and thus the delivery volume can be infinitely adjusted from 0 \u2013 230 bar. Opposite to electric diaphragm pumps the motor of these units stops as soon as required and pre-adjusted working pressure is reached. This allows an acoustic control to be carried out during the injection.<\/p>\n","protected":false},"excerpt":{"rendered":"<p>Frame, Hopper 6 ltr., 7,5m material hose 1\/4\u00b4\u00b4, AG500 pistol 4-finger trigger 1\/4\u00b4\u00b4, Injections set flex with manometer, 4-jaw-grip<\/p>\n","protected":false},"featured_media":14984,"template":"","meta":{"site-sidebar-layout":"default","site-content-layout":"","ast-site-content-layout":"default","site-content-style":"default","site-sidebar-style":"default","ast-global-header-display":"","ast-banner-title-visibility":"","ast-main-header-display":"","ast-hfb-above-header-display":"","ast-hfb-below-header-display":"","ast-hfb-mobile-header-display":"","site-post-title":"","ast-breadcrumbs-content":"","ast-featured-img":"","footer-sml-layout":"","ast-disable-related-posts":"","theme-transparent-header-meta":"default","adv-header-id-meta":"","stick-header-meta":"default","header-above-stick-meta":"","header-main-stick-meta":"","header-below-stick-meta":"","astra-migrate-meta-layouts":"set","ast-page-background-enabled":"default","ast-page-background-meta":{"desktop":{"background-color":"var(--ast-global-color-4)","background-image":"","background-repeat":"repeat","background-position":"center center","background-size":"auto","background-attachment":"scroll","background-type":"","background-media":"","overlay-type":"","overlay-color":"","overlay-opacity":"","overlay-gradient":""},"tablet":{"background-color":"","background-image":"","background-repeat":"repeat","background-position":"center center","background-size":"auto","background-attachment":"scroll","background-type":"","background-media":"","overlay-type":"","overlay-color":"","overlay-opacity":"","overlay-gradient":""},"mobile":{"background-color":"","background-image":"","background-repeat":"repeat","background-position":"center center","background-size":"auto","background-attachment":"scroll","background-type":"","background-media":"","overlay-type":"","overlay-color":"","overlay-opacity":"","overlay-gradient":""}},"ast-content-background-meta":{"desktop":{"background-color":"var(--ast-global-color-5)","background-image":"","background-repeat":"repeat","background-position":"center center","background-size":"auto","background-attachment":"scroll","background-type":"","background-media":"","overlay-type":"","overlay-color":"","overlay-opacity":"","overlay-gradient":""},"tablet":{"background-color":"var(--ast-global-color-5)","background-image":"","background-repeat":"repeat","background-position":"center center","background-size":"auto","background-attachment":"scroll","background-type":"","background-media":"","overlay-type":"","overlay-color":"","overlay-opacity":"","overlay-gradient":""},"mobile":{"background-color":"var(--ast-global-color-5)","background-image":"","background-repeat":"repeat","background-position":"center center","background-size":"auto","background-attachment":"scroll","background-type":"","background-media":"","overlay-type":"","overlay-color":"","overlay-opacity":"","overlay-gradient":""}}},"product_brand":[],"product_cat":[1154],"product_tag":[1130,1137,1131,1132,1155],"class_list":{"0":"post-15890","1":"product","2":"type-product","3":"status-publish","4":"has-post-thumbnail","6":"product_cat-electric-piston-pumps-vp","7":"product_tag-1-k-pur-resin","8":"product_tag-1-component-epoxy","9":"product_tag-2-k-pur-resin","10":"product_tag-2-component-epoxy","11":"product_tag-silicate-resin","12":"desktop-align-center","13":"tablet-align-left","14":"mobile-align-center","15":"ast-product-gallery-layout-horizontal-slider","16":"ast-product-gallery-with-no-image","17":"ast-qv-on-image","19":"first","20":"instock","21":"shipping-taxable","22":"product-type-simple"},"yoast_head":"<!-- This site is optimized with the Yoast SEO Premium plugin v27.3 (Yoast SEO v27.3) - https:\/\/yoast.com\/product\/yoast-seo-premium-wordpress\/ -->\n<title>Electric piston pump LP 555 VP<\/title>\n<meta name=\"description\" content=\"The alternative to electric diaphragm pumps are electric driven high pressure piston pumps. These pumps are mainly designated for use with 1- or 2-component PUR,Epoxy \u2013 or silicate grouts. Material supply is done with a 6-ltr-hopper \u2013 transparent and with inner scale \u2013 so material consumption can be controlled visually during work. Unit is light weight, easy to transport and only 230 V voltage supply is needed to operate. No additional compressor needed. Working pressure and material supply adjustable steplessly from 0 \u2013 230 bar. Opposite to electric diaphragm pumps the motor of these units stops as soon as required and pre-adjusted working pressure is reached. This allows an acoustic control to be carried out during the injection.\" \/>\n<meta name=\"robots\" content=\"index, follow, max-snippet:-1, max-image-preview:large, max-video-preview:-1\" \/>\n<link rel=\"canonical\" href=\"https:\/\/www.bm-gmbh.co\/en\/products\/injection-devices_1k\/electric-piston-pumps-vp\/electric-piston-pump-lp-555-vp\/\" \/>\n<script type=\"application\/ld+json\" class=\"yoast-schema-graph\">{\"@context\":\"https:\\\/\\\/schema.org\",\"@graph\":[{\"@type\":\"WebPage\",\"@id\":\"https:\\\/\\\/www.bm-gmbh.co\\\/en\\\/products\\\/injection-devices_1k\\\/electric-piston-pumps-vp\\\/electric-piston-pump-lp-555-vp\\\/\",\"url\":\"https:\\\/\\\/www.bm-gmbh.co\\\/en\\\/products\\\/injection-devices_1k\\\/electric-piston-pumps-vp\\\/electric-piston-pump-lp-555-vp\\\/\",\"name\":\"Electric piston pump LP 555 VP\",\"isPartOf\":{\"@id\":\"https:\\\/\\\/www.bm-gmbh.co\\\/en\\\/#website\"},\"primaryImageOfPage\":{\"@id\":\"https:\\\/\\\/www.bm-gmbh.co\\\/en\\\/products\\\/injection-devices_1k\\\/electric-piston-pumps-vp\\\/electric-piston-pump-lp-555-vp\\\/#primaryimage\"},\"image\":{\"@id\":\"https:\\\/\\\/www.bm-gmbh.co\\\/en\\\/products\\\/injection-devices_1k\\\/electric-piston-pumps-vp\\\/electric-piston-pump-lp-555-vp\\\/#primaryimage\"},\"thumbnailUrl\":\"https:\\\/\\\/www.bm-gmbh.co\\\/wp-content\\\/uploads\\\/MP555_VP_OB-gerade-1.png\",\"datePublished\":\"2024-01-16T09:58:29+00:00\",\"dateModified\":\"2025-05-14T14:05:53+00:00\",\"description\":\"The alternative to electric diaphragm pumps are electric driven high pressure piston pumps. These pumps are mainly designated for use with 1- or 2-component PUR,Epoxy \u2013 or silicate grouts. Material supply is done with a 6-ltr-hopper \u2013 transparent and with inner scale \u2013 so material consumption can be controlled visually during work. Unit is light weight, easy to transport and only 230 V voltage supply is needed to operate. No additional compressor needed. Working pressure and material supply adjustable steplessly from 0 \u2013 230 bar. Opposite to electric diaphragm pumps the motor of these units stops as soon as required and pre-adjusted working pressure is reached. This allows an acoustic control to be carried out during the injection.\",\"breadcrumb\":{\"@id\":\"https:\\\/\\\/www.bm-gmbh.co\\\/en\\\/products\\\/injection-devices_1k\\\/electric-piston-pumps-vp\\\/electric-piston-pump-lp-555-vp\\\/#breadcrumb\"},\"inLanguage\":\"en-US\",\"potentialAction\":[{\"@type\":\"ReadAction\",\"target\":[\"https:\\\/\\\/www.bm-gmbh.co\\\/en\\\/products\\\/injection-devices_1k\\\/electric-piston-pumps-vp\\\/electric-piston-pump-lp-555-vp\\\/\"]}]},{\"@type\":\"ImageObject\",\"inLanguage\":\"en-US\",\"@id\":\"https:\\\/\\\/www.bm-gmbh.co\\\/en\\\/products\\\/injection-devices_1k\\\/electric-piston-pumps-vp\\\/electric-piston-pump-lp-555-vp\\\/#primaryimage\",\"url\":\"https:\\\/\\\/www.bm-gmbh.co\\\/wp-content\\\/uploads\\\/MP555_VP_OB-gerade-1.png\",\"contentUrl\":\"https:\\\/\\\/www.bm-gmbh.co\\\/wp-content\\\/uploads\\\/MP555_VP_OB-gerade-1.png\",\"width\":1024,\"height\":1024,\"caption\":\"Electric piston pump LP 555 VP\"},{\"@type\":\"BreadcrumbList\",\"@id\":\"https:\\\/\\\/www.bm-gmbh.co\\\/en\\\/products\\\/injection-devices_1k\\\/electric-piston-pumps-vp\\\/electric-piston-pump-lp-555-vp\\\/#breadcrumb\",\"itemListElement\":[{\"@type\":\"ListItem\",\"position\":1,\"name\":\"Startseite\",\"item\":\"https:\\\/\\\/www.bm-gmbh.co\\\/en\\\/home-page\\\/\"},{\"@type\":\"ListItem\",\"position\":2,\"name\":\"Products\",\"item\":\"https:\\\/\\\/www.bm-gmbh.co\\\/en\\\/products-2\\\/\"},{\"@type\":\"ListItem\",\"position\":3,\"name\":\"Electric piston pump LP 555 VP\"}]},{\"@type\":\"WebSite\",\"@id\":\"https:\\\/\\\/www.bm-gmbh.co\\\/en\\\/#website\",\"url\":\"https:\\\/\\\/www.bm-gmbh.co\\\/en\\\/\",\"name\":\"b&m GmbH\",\"description\":\"Ihr Partner f\u00fcr alle Marken\",\"publisher\":{\"@id\":\"https:\\\/\\\/www.bm-gmbh.co\\\/en\\\/#organization\"},\"alternateName\":\"b&m GmbH - Ihr Partner f\u00fcr alle Marken\",\"potentialAction\":[{\"@type\":\"SearchAction\",\"target\":{\"@type\":\"EntryPoint\",\"urlTemplate\":\"https:\\\/\\\/www.bm-gmbh.co\\\/en\\\/?s={search_term_string}\"},\"query-input\":{\"@type\":\"PropertyValueSpecification\",\"valueRequired\":true,\"valueName\":\"search_term_string\"}}],\"inLanguage\":\"en-US\"},{\"@type\":\"Organization\",\"@id\":\"https:\\\/\\\/www.bm-gmbh.co\\\/en\\\/#organization\",\"name\":\"b&m GmbH\",\"alternateName\":\"b&m GmbH - Ihr Partner f\u00fcr alle Marken\",\"url\":\"https:\\\/\\\/www.bm-gmbh.co\\\/en\\\/\",\"logo\":{\"@type\":\"ImageObject\",\"inLanguage\":\"en-US\",\"@id\":\"https:\\\/\\\/www.bm-gmbh.co\\\/en\\\/#\\\/schema\\\/logo\\\/image\\\/\",\"url\":\"https:\\\/\\\/www.bm-gmbh.co\\\/wp-content\\\/uploads\\\/bm-1024.png\",\"contentUrl\":\"https:\\\/\\\/www.bm-gmbh.co\\\/wp-content\\\/uploads\\\/bm-1024.png\",\"width\":1024,\"height\":1024,\"caption\":\"b&m GmbH\"},\"image\":{\"@id\":\"https:\\\/\\\/www.bm-gmbh.co\\\/en\\\/#\\\/schema\\\/logo\\\/image\\\/\"},\"description\":\"Mittelst\u00e4ndischer Anbieter f\u00fcr Farbspritztechnik, Oberfl\u00e4chentechnik, Pumpentechnik, Bautenschutz- und Injektionstechnik. Bedient prim\u00e4r Handwerk und Industrie Zentrale Produkte & Services: Spritztechnik: Hand- & Automatikpistolen, HD\\\/ND-Ger\u00e4te, 2K-Anlagen, Elektrostatiksysteme. Bautenschutz\\\/Injektionstechnik: Injektionsanlagen, Gelanlagen, Schnecken-\\\/Mischpumpen. Zubeh\u00f6r\\\/Technik: Kompressoren, Filteranlagen, R\u00fchrwerke, Packer & Injektoren. Fokus auf hochwertige, langlebige Profi-Ger\u00e4te \u2192 Interesse an zuverl\u00e4ssigen Partnern, Service & technischem Support.\",\"email\":\"info@bm-gmbh.com\",\"telephone\":\"0049 7546 923120\",\"legalName\":\"b&m GmbH\",\"numberOfEmployees\":{\"@type\":\"QuantitativeValue\",\"minValue\":\"11\",\"maxValue\":\"50\"}}]}<\/script>\n<meta property=\"product:brand\" content=\"1 K-PUR resin\" \/>\n<meta property=\"product:price:currency\" content=\"EUR\" \/>\n<meta property=\"og:availability\" content=\"instock\" \/>\n<meta property=\"product:availability\" content=\"instock\" \/>\n<meta property=\"product:retailer_item_id\" content=\"*BM307-201007\" \/>\n<meta property=\"product:condition\" content=\"new\" \/>\n<!-- \/ Yoast SEO Premium plugin. -->","yoast_head_json":{"title":"Electric piston pump LP 555 VP","description":"The alternative to electric diaphragm pumps are electric driven high pressure piston pumps. These pumps are mainly designated for use with 1- or 2-component PUR,Epoxy \u2013 or silicate grouts. Material supply is done with a 6-ltr-hopper \u2013 transparent and with inner scale \u2013 so material consumption can be controlled visually during work. Unit is light weight, easy to transport and only 230 V voltage supply is needed to operate. No additional compressor needed. Working pressure and material supply adjustable steplessly from 0 \u2013 230 bar. Opposite to electric diaphragm pumps the motor of these units stops as soon as required and pre-adjusted working pressure is reached. This allows an acoustic control to be carried out during the injection.","robots":{"index":"index","follow":"follow","max-snippet":"max-snippet:-1","max-image-preview":"max-image-preview:large","max-video-preview":"max-video-preview:-1"},"canonical":"https:\/\/www.bm-gmbh.co\/en\/products\/injection-devices_1k\/electric-piston-pumps-vp\/electric-piston-pump-lp-555-vp\/","schema":{"@context":"https:\/\/schema.org","@graph":[{"@type":"WebPage","@id":"https:\/\/www.bm-gmbh.co\/en\/products\/injection-devices_1k\/electric-piston-pumps-vp\/electric-piston-pump-lp-555-vp\/","url":"https:\/\/www.bm-gmbh.co\/en\/products\/injection-devices_1k\/electric-piston-pumps-vp\/electric-piston-pump-lp-555-vp\/","name":"Electric piston pump LP 555 VP","isPartOf":{"@id":"https:\/\/www.bm-gmbh.co\/en\/#website"},"primaryImageOfPage":{"@id":"https:\/\/www.bm-gmbh.co\/en\/products\/injection-devices_1k\/electric-piston-pumps-vp\/electric-piston-pump-lp-555-vp\/#primaryimage"},"image":{"@id":"https:\/\/www.bm-gmbh.co\/en\/products\/injection-devices_1k\/electric-piston-pumps-vp\/electric-piston-pump-lp-555-vp\/#primaryimage"},"thumbnailUrl":"https:\/\/www.bm-gmbh.co\/wp-content\/uploads\/MP555_VP_OB-gerade-1.png","datePublished":"2024-01-16T09:58:29+00:00","dateModified":"2025-05-14T14:05:53+00:00","description":"The alternative to electric diaphragm pumps are electric driven high pressure piston pumps. These pumps are mainly designated for use with 1- or 2-component PUR,Epoxy \u2013 or silicate grouts. Material supply is done with a 6-ltr-hopper \u2013 transparent and with inner scale \u2013 so material consumption can be controlled visually during work. Unit is light weight, easy to transport and only 230 V voltage supply is needed to operate. No additional compressor needed. Working pressure and material supply adjustable steplessly from 0 \u2013 230 bar. Opposite to electric diaphragm pumps the motor of these units stops as soon as required and pre-adjusted working pressure is reached. This allows an acoustic control to be carried out during the injection.","breadcrumb":{"@id":"https:\/\/www.bm-gmbh.co\/en\/products\/injection-devices_1k\/electric-piston-pumps-vp\/electric-piston-pump-lp-555-vp\/#breadcrumb"},"inLanguage":"en-US","potentialAction":[{"@type":"ReadAction","target":["https:\/\/www.bm-gmbh.co\/en\/products\/injection-devices_1k\/electric-piston-pumps-vp\/electric-piston-pump-lp-555-vp\/"]}]},{"@type":"ImageObject","inLanguage":"en-US","@id":"https:\/\/www.bm-gmbh.co\/en\/products\/injection-devices_1k\/electric-piston-pumps-vp\/electric-piston-pump-lp-555-vp\/#primaryimage","url":"https:\/\/www.bm-gmbh.co\/wp-content\/uploads\/MP555_VP_OB-gerade-1.png","contentUrl":"https:\/\/www.bm-gmbh.co\/wp-content\/uploads\/MP555_VP_OB-gerade-1.png","width":1024,"height":1024,"caption":"Electric piston pump LP 555 VP"},{"@type":"BreadcrumbList","@id":"https:\/\/www.bm-gmbh.co\/en\/products\/injection-devices_1k\/electric-piston-pumps-vp\/electric-piston-pump-lp-555-vp\/#breadcrumb","itemListElement":[{"@type":"ListItem","position":1,"name":"Startseite","item":"https:\/\/www.bm-gmbh.co\/en\/home-page\/"},{"@type":"ListItem","position":2,"name":"Products","item":"https:\/\/www.bm-gmbh.co\/en\/products-2\/"},{"@type":"ListItem","position":3,"name":"Electric piston pump LP 555 VP"}]},{"@type":"WebSite","@id":"https:\/\/www.bm-gmbh.co\/en\/#website","url":"https:\/\/www.bm-gmbh.co\/en\/","name":"b&m GmbH","description":"Ihr Partner f\u00fcr alle Marken","publisher":{"@id":"https:\/\/www.bm-gmbh.co\/en\/#organization"},"alternateName":"b&m GmbH - Ihr Partner f\u00fcr alle Marken","potentialAction":[{"@type":"SearchAction","target":{"@type":"EntryPoint","urlTemplate":"https:\/\/www.bm-gmbh.co\/en\/?s={search_term_string}"},"query-input":{"@type":"PropertyValueSpecification","valueRequired":true,"valueName":"search_term_string"}}],"inLanguage":"en-US"},{"@type":"Organization","@id":"https:\/\/www.bm-gmbh.co\/en\/#organization","name":"b&m GmbH","alternateName":"b&m GmbH - Ihr Partner f\u00fcr alle Marken","url":"https:\/\/www.bm-gmbh.co\/en\/","logo":{"@type":"ImageObject","inLanguage":"en-US","@id":"https:\/\/www.bm-gmbh.co\/en\/#\/schema\/logo\/image\/","url":"https:\/\/www.bm-gmbh.co\/wp-content\/uploads\/bm-1024.png","contentUrl":"https:\/\/www.bm-gmbh.co\/wp-content\/uploads\/bm-1024.png","width":1024,"height":1024,"caption":"b&m GmbH"},"image":{"@id":"https:\/\/www.bm-gmbh.co\/en\/#\/schema\/logo\/image\/"},"description":"Mittelst\u00e4ndischer Anbieter f\u00fcr Farbspritztechnik, Oberfl\u00e4chentechnik, Pumpentechnik, Bautenschutz- und Injektionstechnik. Bedient prim\u00e4r Handwerk und Industrie Zentrale Produkte & Services: Spritztechnik: Hand- & Automatikpistolen, HD\/ND-Ger\u00e4te, 2K-Anlagen, Elektrostatiksysteme. Bautenschutz\/Injektionstechnik: Injektionsanlagen, Gelanlagen, Schnecken-\/Mischpumpen. Zubeh\u00f6r\/Technik: Kompressoren, Filteranlagen, R\u00fchrwerke, Packer & Injektoren. Fokus auf hochwertige, langlebige Profi-Ger\u00e4te \u2192 Interesse an zuverl\u00e4ssigen Partnern, Service & technischem Support.","email":"info@bm-gmbh.com","telephone":"0049 7546 923120","legalName":"b&m GmbH","numberOfEmployees":{"@type":"QuantitativeValue","minValue":"11","maxValue":"50"}}]},"product_brand":"1 K-PUR resin","product_price_currency":"EUR","og_availability":"instock","product_availability":"instock","product_retailer_item_id":"*BM307-201007","product_condition":"new"},"_links":{"self":[{"href":"https:\/\/www.bm-gmbh.co\/en\/wp-json\/wp\/v2\/product\/15890","targetHints":{"allow":["GET"]}}],"collection":[{"href":"https:\/\/www.bm-gmbh.co\/en\/wp-json\/wp\/v2\/product"}],"about":[{"href":"https:\/\/www.bm-gmbh.co\/en\/wp-json\/wp\/v2\/types\/product"}],"wp:featuredmedia":[{"embeddable":true,"href":"https:\/\/www.bm-gmbh.co\/en\/wp-json\/wp\/v2\/media\/14984"}],"wp:attachment":[{"href":"https:\/\/www.bm-gmbh.co\/en\/wp-json\/wp\/v2\/media?parent=15890"}],"wp:term":[{"taxonomy":"product_brand","embeddable":true,"href":"https:\/\/www.bm-gmbh.co\/en\/wp-json\/wp\/v2\/product_brand?post=15890"},{"taxonomy":"product_cat","embeddable":true,"href":"https:\/\/www.bm-gmbh.co\/en\/wp-json\/wp\/v2\/product_cat?post=15890"},{"taxonomy":"product_tag","embeddable":true,"href":"https:\/\/www.bm-gmbh.co\/en\/wp-json\/wp\/v2\/product_tag?post=15890"}],"curies":[{"name":"wp","href":"https:\/\/api.w.org\/{rel}","templated":true}]}}