{"id":15889,"date":"2024-01-16T11:21:46","date_gmt":"2024-01-16T10:21:46","guid":{"rendered":"https:\/\/www.bm-gmbh.co\/produkte\/uncategorized\/bmp-4353-vp-424-bar\/"},"modified":"2025-05-14T17:07:59","modified_gmt":"2025-05-14T15:07:59","slug":"bmp-4353-vp-424-bar","status":"publish","type":"product","link":"https:\/\/www.bm-gmbh.co\/en\/products\/injection-devices_1k\/pneumatic-piston-pumps-vp\/bmp-4353-vp-424-bar\/","title":{"rendered":"BMP 4353 VP 424 bar"},"content":{"rendered":"<div class=\"elementor-element elementor-element-f19fea9 elementor-widget elementor-widget-woocommerce-product-content\" data-id=\"f19fea9\" data-element_type=\"widget\" data-widget_type=\"woocommerce-product-content.default\">\n<div class=\"elementor-widget-container\">\n<p>In contrast to the electric piston device, the pneumatic device is powered by compressed air via an air motor.<br \/>\nTherefore, this technology can also be used in explosion-proof areas. The material transport is made by a material piston. All material leading parts of those pumps are made out of stainless steel. Also these pumps are suitable for resins with high viscosity as well as for liquids and also lacquers and stains. Mineral grouts should only be used in very small quantities and only if the grain size is very small (micro cement). Opposite to electric driven diaphragm pumps the pneumatic motors stop as soon as the injection or spray gun is closed or the pre-adjusted pressure level is reached.<\/p>\n<\/div>\n<\/div>\n","protected":false},"excerpt":{"rendered":"<p>In trolley, pressure regulator, top tank 6 l, HP hose NW4-7.5-NPS1\/4&#8243;, HP gun AG 500, crimping set complete with pressure gauge, without compressor<\/p>\n","protected":false},"featured_media":14973,"template":"","meta":{"site-sidebar-layout":"default","site-content-layout":"","ast-site-content-layout":"default","site-content-style":"default","site-sidebar-style":"default","ast-global-header-display":"","ast-banner-title-visibility":"","ast-main-header-display":"","ast-hfb-above-header-display":"","ast-hfb-below-header-display":"","ast-hfb-mobile-header-display":"","site-post-title":"","ast-breadcrumbs-content":"","ast-featured-img":"","footer-sml-layout":"","ast-disable-related-posts":"","theme-transparent-header-meta":"default","adv-header-id-meta":"","stick-header-meta":"default","header-above-stick-meta":"","header-main-stick-meta":"","header-below-stick-meta":"","astra-migrate-meta-layouts":"set","ast-page-background-enabled":"default","ast-page-background-meta":{"desktop":{"background-color":"var(--ast-global-color-4)","background-image":"","background-repeat":"repeat","background-position":"center center","background-size":"auto","background-attachment":"scroll","background-type":"","background-media":"","overlay-type":"","overlay-color":"","overlay-opacity":"","overlay-gradient":""},"tablet":{"background-color":"","background-image":"","background-repeat":"repeat","background-position":"center center","background-size":"auto","background-attachment":"scroll","background-type":"","background-media":"","overlay-type":"","overlay-color":"","overlay-opacity":"","overlay-gradient":""},"mobile":{"background-color":"","background-image":"","background-repeat":"repeat","background-position":"center center","background-size":"auto","background-attachment":"scroll","background-type":"","background-media":"","overlay-type":"","overlay-color":"","overlay-opacity":"","overlay-gradient":""}},"ast-content-background-meta":{"desktop":{"background-color":"var(--ast-global-color-5)","background-image":"","background-repeat":"repeat","background-position":"center center","background-size":"auto","background-attachment":"scroll","background-type":"","background-media":"","overlay-type":"","overlay-color":"","overlay-opacity":"","overlay-gradient":""},"tablet":{"background-color":"var(--ast-global-color-5)","background-image":"","background-repeat":"repeat","background-position":"center center","background-size":"auto","background-attachment":"scroll","background-type":"","background-media":"","overlay-type":"","overlay-color":"","overlay-opacity":"","overlay-gradient":""},"mobile":{"background-color":"var(--ast-global-color-5)","background-image":"","background-repeat":"repeat","background-position":"center center","background-size":"auto","background-attachment":"scroll","background-type":"","background-media":"","overlay-type":"","overlay-color":"","overlay-opacity":"","overlay-gradient":""}}},"product_brand":[],"product_cat":[1128],"product_tag":[1130,1137,1131,1132,1136,1134,1135,1133,1129],"class_list":{"0":"post-15889","1":"product","2":"type-product","3":"status-publish","4":"has-post-thumbnail","6":"product_cat-pneumatic-piston-pumps-vp","7":"product_tag-1-k-pur-resin","8":"product_tag-1-component-epoxy","9":"product_tag-2-k-pur-resin","10":"product_tag-2-component-epoxy","11":"product_tag-acrylate-resins","12":"product_tag-injection-cream","13":"product_tag-smk-en","14":"product_tag-sponge-protection","15":"product_tag-wood-preservation","16":"desktop-align-center","17":"tablet-align-left","18":"mobile-align-center","19":"ast-product-gallery-layout-horizontal-slider","20":"ast-product-gallery-with-no-image","21":"ast-qv-on-image","23":"first","24":"instock","25":"shipping-taxable","26":"product-type-simple"},"yoast_head":"<!-- This site is optimized with the Yoast SEO Premium plugin v27.2 (Yoast SEO v27.2) - https:\/\/yoast.com\/product\/yoast-seo-premium-wordpress\/ -->\n<title>BMP 4353 VP 424 bar<\/title>\n<meta name=\"description\" content=\"Opposite to the electric driven Airless units the pneumatic pumps are operated by an air motor and compressed air. Therefore this equipment is also suitable for explosion proof areas. The material transport is made by a material piston. All material leading parts of those pumps are made out of stainless steel. Also these pumps are suitable for resins with high viscosity as well as for liquids and also lacquers and stains. Mineral grouts should only be used in very small quantities and only if the grain size is very small (micro cement). Opposite to electric driven diaphragm pumps the pneumatic motors stop as soon as the injection or spray gun is closed or the pre-adjusted pressure level is reached.\" \/>\n<meta name=\"robots\" content=\"index, follow, max-snippet:-1, max-image-preview:large, max-video-preview:-1\" \/>\n<link rel=\"canonical\" href=\"https:\/\/www.bm-gmbh.co\/en\/products\/injection-devices_1k\/pneumatic-piston-pumps-vp\/bmp-4353-vp-424-bar\/\" \/>\n<script type=\"application\/ld+json\" class=\"yoast-schema-graph\">{\"@context\":\"https:\/\/schema.org\",\"@graph\":[{\"@type\":\"WebPage\",\"@id\":\"https:\/\/www.bm-gmbh.co\/en\/products\/injection-devices_1k\/pneumatic-piston-pumps-vp\/bmp-4353-vp-424-bar\/\",\"url\":\"https:\/\/www.bm-gmbh.co\/en\/products\/injection-devices_1k\/pneumatic-piston-pumps-vp\/bmp-4353-vp-424-bar\/\",\"name\":\"BMP 4353 VP 424 bar\",\"isPartOf\":{\"@id\":\"https:\/\/www.bm-gmbh.co\/en\/#website\"},\"primaryImageOfPage\":{\"@id\":\"https:\/\/www.bm-gmbh.co\/en\/products\/injection-devices_1k\/pneumatic-piston-pumps-vp\/bmp-4353-vp-424-bar\/#primaryimage\"},\"image\":{\"@id\":\"https:\/\/www.bm-gmbh.co\/en\/products\/injection-devices_1k\/pneumatic-piston-pumps-vp\/bmp-4353-vp-424-bar\/#primaryimage\"},\"thumbnailUrl\":\"https:\/\/www.bm-gmbh.co\/wp-content\/uploads\/BMP4353-FO_AL_BM81_4305302-1.png\",\"datePublished\":\"2024-01-16T10:21:46+00:00\",\"dateModified\":\"2025-05-14T15:07:59+00:00\",\"description\":\"Opposite to the electric driven Airless units the pneumatic pumps are operated by an air motor and compressed air. Therefore this equipment is also suitable for explosion proof areas. The material transport is made by a material piston. All material leading parts of those pumps are made out of stainless steel. Also these pumps are suitable for resins with high viscosity as well as for liquids and also lacquers and stains. Mineral grouts should only be used in very small quantities and only if the grain size is very small (micro cement). Opposite to electric driven diaphragm pumps the pneumatic motors stop as soon as the injection or spray gun is closed or the pre-adjusted pressure level is reached.\",\"breadcrumb\":{\"@id\":\"https:\/\/www.bm-gmbh.co\/en\/products\/injection-devices_1k\/pneumatic-piston-pumps-vp\/bmp-4353-vp-424-bar\/#breadcrumb\"},\"inLanguage\":\"en-US\",\"potentialAction\":[{\"@type\":\"ReadAction\",\"target\":[\"https:\/\/www.bm-gmbh.co\/en\/products\/injection-devices_1k\/pneumatic-piston-pumps-vp\/bmp-4353-vp-424-bar\/\"]}]},{\"@type\":\"ImageObject\",\"inLanguage\":\"en-US\",\"@id\":\"https:\/\/www.bm-gmbh.co\/en\/products\/injection-devices_1k\/pneumatic-piston-pumps-vp\/bmp-4353-vp-424-bar\/#primaryimage\",\"url\":\"https:\/\/www.bm-gmbh.co\/wp-content\/uploads\/BMP4353-FO_AL_BM81_4305302-1.png\",\"contentUrl\":\"https:\/\/www.bm-gmbh.co\/wp-content\/uploads\/BMP4353-FO_AL_BM81_4305302-1.png\",\"width\":1024,\"height\":1024,\"caption\":\"Pneumatic Piston Pump BMP 4353\"},{\"@type\":\"BreadcrumbList\",\"@id\":\"https:\/\/www.bm-gmbh.co\/en\/products\/injection-devices_1k\/pneumatic-piston-pumps-vp\/bmp-4353-vp-424-bar\/#breadcrumb\",\"itemListElement\":[{\"@type\":\"ListItem\",\"position\":1,\"name\":\"Startseite\",\"item\":\"https:\/\/www.bm-gmbh.co\/en\/home-page\/\"},{\"@type\":\"ListItem\",\"position\":2,\"name\":\"Products\",\"item\":\"https:\/\/www.bm-gmbh.co\/en\/products-2\/\"},{\"@type\":\"ListItem\",\"position\":3,\"name\":\"BMP 4353 VP 424 bar\"}]},{\"@type\":\"WebSite\",\"@id\":\"https:\/\/www.bm-gmbh.co\/en\/#website\",\"url\":\"https:\/\/www.bm-gmbh.co\/en\/\",\"name\":\"b&m GmbH\",\"description\":\"Ihr Partner f\u00fcr alle Marken\",\"publisher\":{\"@id\":\"https:\/\/www.bm-gmbh.co\/en\/#organization\"},\"alternateName\":\"b&m GmbH - Ihr Partner f\u00fcr alle Marken\",\"potentialAction\":[{\"@type\":\"SearchAction\",\"target\":{\"@type\":\"EntryPoint\",\"urlTemplate\":\"https:\/\/www.bm-gmbh.co\/en\/?s={search_term_string}\"},\"query-input\":{\"@type\":\"PropertyValueSpecification\",\"valueRequired\":true,\"valueName\":\"search_term_string\"}}],\"inLanguage\":\"en-US\"},{\"@type\":\"Organization\",\"@id\":\"https:\/\/www.bm-gmbh.co\/en\/#organization\",\"name\":\"b&m GmbH\",\"alternateName\":\"b&m GmbH - Ihr Partner f\u00fcr alle Marken\",\"url\":\"https:\/\/www.bm-gmbh.co\/en\/\",\"logo\":{\"@type\":\"ImageObject\",\"inLanguage\":\"en-US\",\"@id\":\"https:\/\/www.bm-gmbh.co\/en\/#\/schema\/logo\/image\/\",\"url\":\"https:\/\/www.bm-gmbh.co\/wp-content\/uploads\/bm-1024.png\",\"contentUrl\":\"https:\/\/www.bm-gmbh.co\/wp-content\/uploads\/bm-1024.png\",\"width\":1024,\"height\":1024,\"caption\":\"b&m GmbH\"},\"image\":{\"@id\":\"https:\/\/www.bm-gmbh.co\/en\/#\/schema\/logo\/image\/\"},\"description\":\"Mittelst\u00e4ndischer Anbieter f\u00fcr Farbspritztechnik, Oberfl\u00e4chentechnik, Pumpentechnik, Bautenschutz- und Injektionstechnik. Bedient prim\u00e4r Handwerk und Industrie Zentrale Produkte & Services: Spritztechnik: Hand- & Automatikpistolen, HD\/ND-Ger\u00e4te, 2K-Anlagen, Elektrostatiksysteme. Bautenschutz\/Injektionstechnik: Injektionsanlagen, Gelanlagen, Schnecken-\/Mischpumpen. Zubeh\u00f6r\/Technik: Kompressoren, Filteranlagen, R\u00fchrwerke, Packer & Injektoren. Fokus auf hochwertige, langlebige Profi-Ger\u00e4te \u2192 Interesse an zuverl\u00e4ssigen Partnern, Service & technischem Support.\",\"email\":\"info@bm-gmbh.com\",\"telephone\":\"0049 7546 923120\",\"legalName\":\"b&m GmbH\",\"numberOfEmployees\":{\"@type\":\"QuantitativeValue\",\"minValue\":\"11\",\"maxValue\":\"50\"}}]}<\/script>\n<meta property=\"product:brand\" content=\"1 K-PUR resin\" \/>\n<meta property=\"product:price:currency\" content=\"EUR\" \/>\n<meta property=\"og:availability\" content=\"instock\" \/>\n<meta property=\"product:availability\" content=\"instock\" \/>\n<meta property=\"product:retailer_item_id\" content=\"BM81-43053VP\" \/>\n<meta property=\"product:condition\" content=\"new\" \/>\n<!-- \/ Yoast SEO Premium plugin. -->","yoast_head_json":{"title":"BMP 4353 VP 424 bar","description":"Opposite to the electric driven Airless units the pneumatic pumps are operated by an air motor and compressed air. Therefore this equipment is also suitable for explosion proof areas. The material transport is made by a material piston. All material leading parts of those pumps are made out of stainless steel. Also these pumps are suitable for resins with high viscosity as well as for liquids and also lacquers and stains. Mineral grouts should only be used in very small quantities and only if the grain size is very small (micro cement). Opposite to electric driven diaphragm pumps the pneumatic motors stop as soon as the injection or spray gun is closed or the pre-adjusted pressure level is reached.","robots":{"index":"index","follow":"follow","max-snippet":"max-snippet:-1","max-image-preview":"max-image-preview:large","max-video-preview":"max-video-preview:-1"},"canonical":"https:\/\/www.bm-gmbh.co\/en\/products\/injection-devices_1k\/pneumatic-piston-pumps-vp\/bmp-4353-vp-424-bar\/","schema":{"@context":"https:\/\/schema.org","@graph":[{"@type":"WebPage","@id":"https:\/\/www.bm-gmbh.co\/en\/products\/injection-devices_1k\/pneumatic-piston-pumps-vp\/bmp-4353-vp-424-bar\/","url":"https:\/\/www.bm-gmbh.co\/en\/products\/injection-devices_1k\/pneumatic-piston-pumps-vp\/bmp-4353-vp-424-bar\/","name":"BMP 4353 VP 424 bar","isPartOf":{"@id":"https:\/\/www.bm-gmbh.co\/en\/#website"},"primaryImageOfPage":{"@id":"https:\/\/www.bm-gmbh.co\/en\/products\/injection-devices_1k\/pneumatic-piston-pumps-vp\/bmp-4353-vp-424-bar\/#primaryimage"},"image":{"@id":"https:\/\/www.bm-gmbh.co\/en\/products\/injection-devices_1k\/pneumatic-piston-pumps-vp\/bmp-4353-vp-424-bar\/#primaryimage"},"thumbnailUrl":"https:\/\/www.bm-gmbh.co\/wp-content\/uploads\/BMP4353-FO_AL_BM81_4305302-1.png","datePublished":"2024-01-16T10:21:46+00:00","dateModified":"2025-05-14T15:07:59+00:00","description":"Opposite to the electric driven Airless units the pneumatic pumps are operated by an air motor and compressed air. Therefore this equipment is also suitable for explosion proof areas. The material transport is made by a material piston. All material leading parts of those pumps are made out of stainless steel. Also these pumps are suitable for resins with high viscosity as well as for liquids and also lacquers and stains. Mineral grouts should only be used in very small quantities and only if the grain size is very small (micro cement). Opposite to electric driven diaphragm pumps the pneumatic motors stop as soon as the injection or spray gun is closed or the pre-adjusted pressure level is reached.","breadcrumb":{"@id":"https:\/\/www.bm-gmbh.co\/en\/products\/injection-devices_1k\/pneumatic-piston-pumps-vp\/bmp-4353-vp-424-bar\/#breadcrumb"},"inLanguage":"en-US","potentialAction":[{"@type":"ReadAction","target":["https:\/\/www.bm-gmbh.co\/en\/products\/injection-devices_1k\/pneumatic-piston-pumps-vp\/bmp-4353-vp-424-bar\/"]}]},{"@type":"ImageObject","inLanguage":"en-US","@id":"https:\/\/www.bm-gmbh.co\/en\/products\/injection-devices_1k\/pneumatic-piston-pumps-vp\/bmp-4353-vp-424-bar\/#primaryimage","url":"https:\/\/www.bm-gmbh.co\/wp-content\/uploads\/BMP4353-FO_AL_BM81_4305302-1.png","contentUrl":"https:\/\/www.bm-gmbh.co\/wp-content\/uploads\/BMP4353-FO_AL_BM81_4305302-1.png","width":1024,"height":1024,"caption":"Pneumatic Piston Pump BMP 4353"},{"@type":"BreadcrumbList","@id":"https:\/\/www.bm-gmbh.co\/en\/products\/injection-devices_1k\/pneumatic-piston-pumps-vp\/bmp-4353-vp-424-bar\/#breadcrumb","itemListElement":[{"@type":"ListItem","position":1,"name":"Startseite","item":"https:\/\/www.bm-gmbh.co\/en\/home-page\/"},{"@type":"ListItem","position":2,"name":"Products","item":"https:\/\/www.bm-gmbh.co\/en\/products-2\/"},{"@type":"ListItem","position":3,"name":"BMP 4353 VP 424 bar"}]},{"@type":"WebSite","@id":"https:\/\/www.bm-gmbh.co\/en\/#website","url":"https:\/\/www.bm-gmbh.co\/en\/","name":"b&m GmbH","description":"Ihr Partner f\u00fcr alle Marken","publisher":{"@id":"https:\/\/www.bm-gmbh.co\/en\/#organization"},"alternateName":"b&m GmbH - Ihr Partner f\u00fcr alle Marken","potentialAction":[{"@type":"SearchAction","target":{"@type":"EntryPoint","urlTemplate":"https:\/\/www.bm-gmbh.co\/en\/?s={search_term_string}"},"query-input":{"@type":"PropertyValueSpecification","valueRequired":true,"valueName":"search_term_string"}}],"inLanguage":"en-US"},{"@type":"Organization","@id":"https:\/\/www.bm-gmbh.co\/en\/#organization","name":"b&m GmbH","alternateName":"b&m GmbH - Ihr Partner f\u00fcr alle Marken","url":"https:\/\/www.bm-gmbh.co\/en\/","logo":{"@type":"ImageObject","inLanguage":"en-US","@id":"https:\/\/www.bm-gmbh.co\/en\/#\/schema\/logo\/image\/","url":"https:\/\/www.bm-gmbh.co\/wp-content\/uploads\/bm-1024.png","contentUrl":"https:\/\/www.bm-gmbh.co\/wp-content\/uploads\/bm-1024.png","width":1024,"height":1024,"caption":"b&m GmbH"},"image":{"@id":"https:\/\/www.bm-gmbh.co\/en\/#\/schema\/logo\/image\/"},"description":"Mittelst\u00e4ndischer Anbieter f\u00fcr Farbspritztechnik, Oberfl\u00e4chentechnik, Pumpentechnik, Bautenschutz- und Injektionstechnik. Bedient prim\u00e4r Handwerk und Industrie Zentrale Produkte & Services: Spritztechnik: Hand- & Automatikpistolen, HD\/ND-Ger\u00e4te, 2K-Anlagen, Elektrostatiksysteme. Bautenschutz\/Injektionstechnik: Injektionsanlagen, Gelanlagen, Schnecken-\/Mischpumpen. Zubeh\u00f6r\/Technik: Kompressoren, Filteranlagen, R\u00fchrwerke, Packer & Injektoren. Fokus auf hochwertige, langlebige Profi-Ger\u00e4te \u2192 Interesse an zuverl\u00e4ssigen Partnern, Service & technischem Support.","email":"info@bm-gmbh.com","telephone":"0049 7546 923120","legalName":"b&m GmbH","numberOfEmployees":{"@type":"QuantitativeValue","minValue":"11","maxValue":"50"}}]},"product_brand":"1 K-PUR resin","product_price_currency":"EUR","og_availability":"instock","product_availability":"instock","product_retailer_item_id":"BM81-43053VP","product_condition":"new"},"_links":{"self":[{"href":"https:\/\/www.bm-gmbh.co\/en\/wp-json\/wp\/v2\/product\/15889","targetHints":{"allow":["GET"]}}],"collection":[{"href":"https:\/\/www.bm-gmbh.co\/en\/wp-json\/wp\/v2\/product"}],"about":[{"href":"https:\/\/www.bm-gmbh.co\/en\/wp-json\/wp\/v2\/types\/product"}],"wp:featuredmedia":[{"embeddable":true,"href":"https:\/\/www.bm-gmbh.co\/en\/wp-json\/wp\/v2\/media\/14973"}],"wp:attachment":[{"href":"https:\/\/www.bm-gmbh.co\/en\/wp-json\/wp\/v2\/media?parent=15889"}],"wp:term":[{"taxonomy":"product_brand","embeddable":true,"href":"https:\/\/www.bm-gmbh.co\/en\/wp-json\/wp\/v2\/product_brand?post=15889"},{"taxonomy":"product_cat","embeddable":true,"href":"https:\/\/www.bm-gmbh.co\/en\/wp-json\/wp\/v2\/product_cat?post=15889"},{"taxonomy":"product_tag","embeddable":true,"href":"https:\/\/www.bm-gmbh.co\/en\/wp-json\/wp\/v2\/product_tag?post=15889"}],"curies":[{"name":"wp","href":"https:\/\/api.w.org\/{rel}","templated":true}]}}