{"id":15748,"date":"2023-12-18T18:50:22","date_gmt":"2023-12-18T17:50:22","guid":{"rendered":"https:\/\/www.bm-gmbh.co\/hand-mixer\/"},"modified":"2024-02-29T09:30:45","modified_gmt":"2024-02-29T08:30:45","slug":"hand-mixer","status":"publish","type":"page","link":"https:\/\/www.bm-gmbh.co\/en\/building-protection\/mixer\/hand-mixer\/","title":{"rendered":"Manual agitator"},"content":{"rendered":"\t\t<div data-elementor-type=\"wp-page\" data-elementor-id=\"15748\" class=\"elementor elementor-15748 elementor-7961\" data-elementor-post-type=\"page\">\n\t\t\t\t<div class=\"elementor-element elementor-element-a8efab4 e-con-full e-flex e-con e-parent\" data-id=\"a8efab4\" data-element_type=\"container\" data-e-type=\"container\">\n\t\t<div class=\"elementor-element elementor-element-0e92bb7 e-con-full e-flex e-con e-child\" data-id=\"0e92bb7\" data-element_type=\"container\" data-e-type=\"container\">\n\t\t\t\t<\/div>\n\t\t<div class=\"elementor-element elementor-element-ce9fb22 e-con-full e-flex e-con e-child\" data-id=\"ce9fb22\" data-element_type=\"container\" data-e-type=\"container\" data-settings=\"{&quot;background_background&quot;:&quot;classic&quot;}\">\n\t\t\t\t<div class=\"elementor-element elementor-element-81e0b51 elementor-widget__width-auto uael-post__link-complete-yes uael-equal__height-yes elementor-widget elementor-widget-uael-posts\" data-id=\"81e0b51\" data-element_type=\"widget\" data-e-type=\"widget\" data-settings=\"{&quot;classic_slides_to_show&quot;:1,&quot;classic_slides_to_show_tablet&quot;:2,&quot;classic_slides_to_show_mobile&quot;:1,&quot;classic_show_filters&quot;:&quot;no&quot;}\" data-widget_type=\"uael-posts.classic\">\n\t\t\t\t<div class=\"elementor-widget-container\">\n\t\t\t\t\t\t\t<div class=\"uael-post__header\">\n\t\t\t\t\t<\/div>\n\t\t<div class=\"uael-post__body\">\n\t\t\t\n\t\t\n\t\t<div class=\"uael-blog-terms-position- uael-post-image-none uael-post-grid uael-posts\" data-query-type=\"custom\" data-structure=\"normal\" data-layout=\"\" data-page=\"15748\" data-skin=\"classic\" data-filter-default=\"\" data-offset-top=\"30\" >\n\n\t\t\t\t\t\t\t<div class=\"uael-post-grid__inner uael-post__columns-1 uael-post__columns-tablet-2 uael-post__columns-mobile-1\">\n\t\t\t\n<div class=\"uael-post-wrapper   \">\n\t<div class=\"uael-post__bg-wrap uael-bg-wrap-disabled \">\n\n\t\t\t\t\t<a href=\"https:\/\/www.bm-gmbh.co\/en\/products\/mixers-and-agitators\/hand-mixer-xo\/hand-mixer-xo-6-r-m14-connection\/\" target=\"_self\" class=\"uael-post__complete-box-overlay\" aria-label=\"Link Complete Box\"><\/a>\n\t\t\t\t\n\t\t<div class=\"uael-post__inner-wrap uael-inner-wrap-disabled\">\n\n\t\t\n\t\t\t\n\t\t\t<div class=\"uael-post__content-wrap uael-content-wrap-disabled\">\n\t\t\t\t\t<h3 class=\"uael-post__title\">\n\n\t\t\n\t\t\t\t\t\t<a href=\"https:\/\/www.bm-gmbh.co\/en\/products\/mixers-and-agitators\/hand-mixer-xo\/hand-mixer-xo-6-r-m14-connection\/\" target=\"_self\">\n\t\t\t\tHand mixer Xo 6 R &#8211; M14 connection\t\t\t<\/a>\n\n\t\t\t\t<\/h3>\n\t\t\t\t\t<div class=\"uael-post__meta-data\">\n\t\t\t\t\t<\/div>\n\t\t\n\t\t<div class=\"uael-post__excerpt\">\n\t\t\tThe robust XO R electric hand mixer is the perfect solution for mobile use on ...\t\t<\/div>\n\n\t\t\t\t\t<\/div>\n\t\t\t\n\t\t<\/div>\n\t\t\n\t<\/div>\n\n<\/div>\n\n<div class=\"uael-post-wrapper   \">\n\t<div class=\"uael-post__bg-wrap uael-bg-wrap-disabled \">\n\n\t\t\t\t\t<a href=\"https:\/\/www.bm-gmbh.co\/en\/products\/mixers-and-agitators\/hand-mixer-xo\/hand-mixer-xo-6-r-hexafix-connection\/\" target=\"_self\" class=\"uael-post__complete-box-overlay\" aria-label=\"Link Complete Box\"><\/a>\n\t\t\t\t\n\t\t<div class=\"uael-post__inner-wrap uael-inner-wrap-disabled\">\n\n\t\t\n\t\t\t\n\t\t\t<div class=\"uael-post__content-wrap uael-content-wrap-disabled\">\n\t\t\t\t\t<h3 class=\"uael-post__title\">\n\n\t\t\n\t\t\t\t\t\t<a href=\"https:\/\/www.bm-gmbh.co\/en\/products\/mixers-and-agitators\/hand-mixer-xo\/hand-mixer-xo-6-r-hexafix-connection\/\" target=\"_self\">\n\t\t\t\tHand mixer Xo 6 R &#8211; HEXAFIX connection\t\t\t<\/a>\n\n\t\t\t\t<\/h3>\n\t\t\t\t\t<div class=\"uael-post__meta-data\">\n\t\t\t\t\t<\/div>\n\t\t\n\t\t<div class=\"uael-post__excerpt\">\n\t\t\tThe robust XO R electric hand mixer is the perfect solution for mobile use on ...\t\t<\/div>\n\n\t\t\t\t\t<\/div>\n\t\t\t\n\t\t<\/div>\n\t\t\n\t<\/div>\n\n<\/div>\n\n<div class=\"uael-post-wrapper   \">\n\t<div class=\"uael-post__bg-wrap uael-bg-wrap-disabled \">\n\n\t\t\t\t\t<a href=\"https:\/\/www.bm-gmbh.co\/en\/products\/mixers-and-agitators\/hand-mixer-xo\/hand-mixer-xo-55-r-duo\/\" target=\"_self\" class=\"uael-post__complete-box-overlay\" aria-label=\"Link Complete Box\"><\/a>\n\t\t\t\t\n\t\t<div class=\"uael-post__inner-wrap uael-inner-wrap-disabled\">\n\n\t\t\n\t\t\t\n\t\t\t<div class=\"uael-post__content-wrap uael-content-wrap-disabled\">\n\t\t\t\t\t<h3 class=\"uael-post__title\">\n\n\t\t\n\t\t\t\t\t\t<a href=\"https:\/\/www.bm-gmbh.co\/en\/products\/mixers-and-agitators\/hand-mixer-xo\/hand-mixer-xo-55-r-duo\/\" target=\"_self\">\n\t\t\t\tHand mixer Xo 55 R duo\t\t\t<\/a>\n\n\t\t\t\t<\/h3>\n\t\t\t\t\t<div class=\"uael-post__meta-data\">\n\t\t\t\t\t<\/div>\n\t\t\n\t\t<div class=\"uael-post__excerpt\">\n\t\t\tThe robust XO R duo electric hand mixer is the perfect solution for mobile use ...\t\t<\/div>\n\n\t\t\t\t\t<\/div>\n\t\t\t\n\t\t<\/div>\n\t\t\n\t<\/div>\n\n<\/div>\n\n<div class=\"uael-post-wrapper   \">\n\t<div class=\"uael-post__bg-wrap uael-bg-wrap-disabled \">\n\n\t\t\t\t\t<a href=\"https:\/\/www.bm-gmbh.co\/en\/products\/mixers-and-agitators\/hand-mixer-xo\/hand-mixer-xo-4-r-m14-connection\/\" target=\"_self\" class=\"uael-post__complete-box-overlay\" aria-label=\"Link Complete Box\"><\/a>\n\t\t\t\t\n\t\t<div class=\"uael-post__inner-wrap uael-inner-wrap-disabled\">\n\n\t\t\n\t\t\t\n\t\t\t<div class=\"uael-post__content-wrap uael-content-wrap-disabled\">\n\t\t\t\t\t<h3 class=\"uael-post__title\">\n\n\t\t\n\t\t\t\t\t\t<a href=\"https:\/\/www.bm-gmbh.co\/en\/products\/mixers-and-agitators\/hand-mixer-xo\/hand-mixer-xo-4-r-m14-connection\/\" target=\"_self\">\n\t\t\t\tHand mixer Xo 4 R &#8211; M14 connection\t\t\t<\/a>\n\n\t\t\t\t<\/h3>\n\t\t\t\t\t<div class=\"uael-post__meta-data\">\n\t\t\t\t\t<\/div>\n\t\t\n\t\t<div class=\"uael-post__excerpt\">\n\t\t\tThe robust XO R electric hand mixer is the perfect solution for mobile use on ...\t\t<\/div>\n\n\t\t\t\t\t<\/div>\n\t\t\t\n\t\t<\/div>\n\t\t\n\t<\/div>\n\n<\/div>\n\n<div class=\"uael-post-wrapper   \">\n\t<div class=\"uael-post__bg-wrap uael-bg-wrap-disabled \">\n\n\t\t\t\t\t<a href=\"https:\/\/www.bm-gmbh.co\/en\/products\/mixers-and-agitators\/hand-mixer-xo\/hand-mixer-xo-4-r-hexafix-connection\/\" target=\"_self\" class=\"uael-post__complete-box-overlay\" aria-label=\"Link Complete Box\"><\/a>\n\t\t\t\t\n\t\t<div class=\"uael-post__inner-wrap uael-inner-wrap-disabled\">\n\n\t\t\n\t\t\t\n\t\t\t<div class=\"uael-post__content-wrap uael-content-wrap-disabled\">\n\t\t\t\t\t<h3 class=\"uael-post__title\">\n\n\t\t\n\t\t\t\t\t\t<a href=\"https:\/\/www.bm-gmbh.co\/en\/products\/mixers-and-agitators\/hand-mixer-xo\/hand-mixer-xo-4-r-hexafix-connection\/\" target=\"_self\">\n\t\t\t\tHand mixer Xo 4 R &#8211; HEXAFIX connection\t\t\t<\/a>\n\n\t\t\t\t<\/h3>\n\t\t\t\t\t<div class=\"uael-post__meta-data\">\n\t\t\t\t\t<\/div>\n\t\t\n\t\t<div class=\"uael-post__excerpt\">\n\t\t\tThe robust XO R electric hand mixer is the perfect solution for mobile use on ...\t\t<\/div>\n\n\t\t\t\t\t<\/div>\n\t\t\t\n\t\t<\/div>\n\t\t\n\t<\/div>\n\n<\/div>\n\n<div class=\"uael-post-wrapper   \">\n\t<div class=\"uael-post__bg-wrap uael-bg-wrap-disabled \">\n\n\t\t\t\t\t<a href=\"https:\/\/www.bm-gmbh.co\/en\/products\/mixers-and-agitators\/hand-mixer-xo\/hand-mixer-xo-33-r-duo\/\" target=\"_self\" class=\"uael-post__complete-box-overlay\" aria-label=\"Link Complete Box\"><\/a>\n\t\t\t\t\n\t\t<div class=\"uael-post__inner-wrap uael-inner-wrap-disabled\">\n\n\t\t\n\t\t\t\n\t\t\t<div class=\"uael-post__content-wrap uael-content-wrap-disabled\">\n\t\t\t\t\t<h3 class=\"uael-post__title\">\n\n\t\t\n\t\t\t\t\t\t<a href=\"https:\/\/www.bm-gmbh.co\/en\/products\/mixers-and-agitators\/hand-mixer-xo\/hand-mixer-xo-33-r-duo\/\" target=\"_self\">\n\t\t\t\tHand mixer Xo 33 R duo\t\t\t<\/a>\n\n\t\t\t\t<\/h3>\n\t\t\t\t\t<div class=\"uael-post__meta-data\">\n\t\t\t\t\t<\/div>\n\t\t\n\t\t<div class=\"uael-post__excerpt\">\n\t\t\tThe robust XO R duo electric hand mixer is the perfect solution for mobile use ...\t\t<\/div>\n\n\t\t\t\t\t<\/div>\n\t\t\t\n\t\t<\/div>\n\t\t\n\t<\/div>\n\n<\/div>\n\n<div class=\"uael-post-wrapper   \">\n\t<div class=\"uael-post__bg-wrap uael-bg-wrap-disabled \">\n\n\t\t\t\t\t<a href=\"https:\/\/www.bm-gmbh.co\/en\/products\/mixers-and-agitators\/hand-mixer-xo\/hand-mixer-xo-1-r-m14-connection\/\" target=\"_self\" class=\"uael-post__complete-box-overlay\" aria-label=\"Link Complete Box\"><\/a>\n\t\t\t\t\n\t\t<div class=\"uael-post__inner-wrap uael-inner-wrap-disabled\">\n\n\t\t\n\t\t\t\n\t\t\t<div class=\"uael-post__content-wrap uael-content-wrap-disabled\">\n\t\t\t\t\t<h3 class=\"uael-post__title\">\n\n\t\t\n\t\t\t\t\t\t<a href=\"https:\/\/www.bm-gmbh.co\/en\/products\/mixers-and-agitators\/hand-mixer-xo\/hand-mixer-xo-1-r-m14-connection\/\" target=\"_self\">\n\t\t\t\tHand mixer Xo 1 R &#8211; M14 connection\t\t\t<\/a>\n\n\t\t\t\t<\/h3>\n\t\t\t\t\t<div class=\"uael-post__meta-data\">\n\t\t\t\t\t<\/div>\n\t\t\n\t\t<div class=\"uael-post__excerpt\">\n\t\t\tThe robust XO R electric hand mixer is the perfect solution for mobile use on ...\t\t<\/div>\n\n\t\t\t\t\t<\/div>\n\t\t\t\n\t\t<\/div>\n\t\t\n\t<\/div>\n\n<\/div>\n\n<div class=\"uael-post-wrapper   \">\n\t<div class=\"uael-post__bg-wrap uael-bg-wrap-disabled \">\n\n\t\t\t\t\t<a href=\"https:\/\/www.bm-gmbh.co\/en\/products\/mixers-and-agitators\/hand-mixer-xo\/hand-mixer-xo-1-r-hexafix-connection\/\" target=\"_self\" class=\"uael-post__complete-box-overlay\" aria-label=\"Link Complete Box\"><\/a>\n\t\t\t\t\n\t\t<div class=\"uael-post__inner-wrap uael-inner-wrap-disabled\">\n\n\t\t\n\t\t\t\n\t\t\t<div class=\"uael-post__content-wrap uael-content-wrap-disabled\">\n\t\t\t\t\t<h3 class=\"uael-post__title\">\n\n\t\t\n\t\t\t\t\t\t<a href=\"https:\/\/www.bm-gmbh.co\/en\/products\/mixers-and-agitators\/hand-mixer-xo\/hand-mixer-xo-1-r-hexafix-connection\/\" target=\"_self\">\n\t\t\t\tHand mixer Xo 1 R &#8211; HEXAFIX connection\t\t\t<\/a>\n\n\t\t\t\t<\/h3>\n\t\t\t\t\t<div class=\"uael-post__meta-data\">\n\t\t\t\t\t<\/div>\n\t\t\n\t\t<div class=\"uael-post__excerpt\">\n\t\t\tThe robust XO R electric hand mixer is the perfect solution for mobile use on ...\t\t<\/div>\n\n\t\t\t\t\t<\/div>\n\t\t\t\n\t\t<\/div>\n\t\t\n\t<\/div>\n\n<\/div>\n\t\t\t\t<\/div>\n\t\t\t\t\t\t\n\t\t<\/div>\n\n\t\t\t\t\t\t<\/div>\n\t\t<div class=\"uael-post__footer\">\n\t\t\t\t\t<\/div>\n\t\t\t\t\t\t<\/div>\n\t\t\t\t<\/div>\n\t\t\t\t<\/div>\n\t\t\t\t<\/div>\n\t\t\t\t<\/div>\n\t\t","protected":false},"excerpt":{"rendered":"<p>Hand mixer Xo 6 R &#8211; M14 connection The robust XO R electric hand mixer is the perfect solution for mobile use on the construction site. Its durable and robust gearbox and high-performance &#8230; Hand mixer Xo 6 R &#8211; HEXAFIX connection The robust XO R electric hand mixer is the perfect solution for mobile [&hellip;]<\/p>\n","protected":false},"author":1,"featured_media":0,"parent":15837,"menu_order":1,"comment_status":"open","ping_status":"closed","template":"","meta":{"site-sidebar-layout":"no-sidebar","site-content-layout":"","ast-site-content-layout":"full-width-container","site-content-style":"default","site-sidebar-style":"default","ast-global-header-display":"","ast-banner-title-visibility":"","ast-main-header-display":"","ast-hfb-above-header-display":"","ast-hfb-below-header-display":"","ast-hfb-mobile-header-display":"","site-post-title":"disabled","ast-breadcrumbs-content":"","ast-featured-img":"disabled","footer-sml-layout":"","ast-disable-related-posts":"","theme-transparent-header-meta":"default","adv-header-id-meta":"","stick-header-meta":"default","header-above-stick-meta":"","header-main-stick-meta":"","header-below-stick-meta":"","astra-migrate-meta-layouts":"default","ast-page-background-enabled":"default","ast-page-background-meta":{"desktop":{"background-color":"var(--ast-global-color-4)","background-image":"","background-repeat":"repeat","background-position":"center center","background-size":"auto","background-attachment":"scroll","background-type":"","background-media":"","overlay-type":"","overlay-color":"","overlay-opacity":"","overlay-gradient":""},"tablet":{"background-color":"","background-image":"","background-repeat":"repeat","background-position":"center center","background-size":"auto","background-attachment":"scroll","background-type":"","background-media":"","overlay-type":"","overlay-color":"","overlay-opacity":"","overlay-gradient":""},"mobile":{"background-color":"","background-image":"","background-repeat":"repeat","background-position":"center center","background-size":"auto","background-attachment":"scroll","background-type":"","background-media":"","overlay-type":"","overlay-color":"","overlay-opacity":"","overlay-gradient":""}},"ast-content-background-meta":{"desktop":{"background-color":"var(--ast-global-color-5)","background-image":"","background-repeat":"repeat","background-position":"center center","background-size":"auto","background-attachment":"scroll","background-type":"","background-media":"","overlay-type":"","overlay-color":"","overlay-opacity":"","overlay-gradient":""},"tablet":{"background-color":"var(--ast-global-color-5)","background-image":"","background-repeat":"repeat","background-position":"center center","background-size":"auto","background-attachment":"scroll","background-type":"","background-media":"","overlay-type":"","overlay-color":"","overlay-opacity":"","overlay-gradient":""},"mobile":{"background-color":"var(--ast-global-color-5)","background-image":"","background-repeat":"repeat","background-position":"center center","background-size":"auto","background-attachment":"scroll","background-type":"","background-media":"","overlay-type":"","overlay-color":"","overlay-opacity":"","overlay-gradient":""}},"footnotes":""},"class_list":["post-15748","page","type-page","status-publish","hentry","desktop-align-center","tablet-align-left","mobile-align-center","ast-product-gallery-layout-horizontal-slider","ast-product-gallery-with-no-image","ast-qv-on-image"],"yoast_head":"<!-- This site is optimized with the Yoast SEO Premium plugin v27.2 (Yoast SEO v27.2) - https:\/\/yoast.com\/product\/yoast-seo-premium-wordpress\/ -->\n<title>Manual agitator<\/title>\n<meta name=\"description\" content=\"b&amp;m GmbH - Ihr Partner f\u00fcr alle Marken\" \/>\n<meta name=\"robots\" content=\"index, follow, max-snippet:-1, max-image-preview:large, max-video-preview:-1\" \/>\n<link rel=\"canonical\" href=\"https:\/\/www.bm-gmbh.co\/en\/building-protection\/mixer\/hand-mixer\/\" \/>\n<script type=\"application\/ld+json\" class=\"yoast-schema-graph\">{\"@context\":\"https:\/\/schema.org\",\"@graph\":[{\"@type\":\"WebPage\",\"@id\":\"https:\/\/www.bm-gmbh.co\/en\/building-protection\/mixer\/hand-mixer\/\",\"url\":\"https:\/\/www.bm-gmbh.co\/en\/building-protection\/mixer\/hand-mixer\/\",\"name\":\"Manual agitator\",\"isPartOf\":{\"@id\":\"https:\/\/www.bm-gmbh.co\/en\/#website\"},\"datePublished\":\"2023-12-18T17:50:22+00:00\",\"dateModified\":\"2024-02-29T08:30:45+00:00\",\"description\":\"b&amp;m GmbH - Ihr Partner f\u00fcr alle Marken\",\"breadcrumb\":{\"@id\":\"https:\/\/www.bm-gmbh.co\/en\/building-protection\/mixer\/hand-mixer\/#breadcrumb\"},\"inLanguage\":\"en-US\",\"potentialAction\":[{\"@type\":\"ReadAction\",\"target\":[\"https:\/\/www.bm-gmbh.co\/en\/building-protection\/mixer\/hand-mixer\/\"]}]},{\"@type\":\"BreadcrumbList\",\"@id\":\"https:\/\/www.bm-gmbh.co\/en\/building-protection\/mixer\/hand-mixer\/#breadcrumb\",\"itemListElement\":[{\"@type\":\"ListItem\",\"position\":1,\"name\":\"Startseite\",\"item\":\"https:\/\/www.bm-gmbh.co\/en\/home-page\/\"},{\"@type\":\"ListItem\",\"position\":2,\"name\":\"Building protection\",\"item\":\"https:\/\/www.bm-gmbh.co\/en\/building-protection\/\"},{\"@type\":\"ListItem\",\"position\":3,\"name\":\"Mixer\",\"item\":\"https:\/\/www.bm-gmbh.co\/en\/building-protection\/mixer\/\"},{\"@type\":\"ListItem\",\"position\":4,\"name\":\"Manual agitator\"}]},{\"@type\":\"WebSite\",\"@id\":\"https:\/\/www.bm-gmbh.co\/en\/#website\",\"url\":\"https:\/\/www.bm-gmbh.co\/en\/\",\"name\":\"b&m GmbH\",\"description\":\"Ihr Partner f\u00fcr alle Marken\",\"publisher\":{\"@id\":\"https:\/\/www.bm-gmbh.co\/en\/#organization\"},\"alternateName\":\"b&m GmbH - Ihr Partner f\u00fcr alle Marken\",\"potentialAction\":[{\"@type\":\"SearchAction\",\"target\":{\"@type\":\"EntryPoint\",\"urlTemplate\":\"https:\/\/www.bm-gmbh.co\/en\/?s={search_term_string}\"},\"query-input\":{\"@type\":\"PropertyValueSpecification\",\"valueRequired\":true,\"valueName\":\"search_term_string\"}}],\"inLanguage\":\"en-US\"},{\"@type\":\"Organization\",\"@id\":\"https:\/\/www.bm-gmbh.co\/en\/#organization\",\"name\":\"b&m GmbH\",\"alternateName\":\"b&m GmbH - Ihr Partner f\u00fcr alle Marken\",\"url\":\"https:\/\/www.bm-gmbh.co\/en\/\",\"logo\":{\"@type\":\"ImageObject\",\"inLanguage\":\"en-US\",\"@id\":\"https:\/\/www.bm-gmbh.co\/en\/#\/schema\/logo\/image\/\",\"url\":\"https:\/\/www.bm-gmbh.co\/wp-content\/uploads\/bm-1024.png\",\"contentUrl\":\"https:\/\/www.bm-gmbh.co\/wp-content\/uploads\/bm-1024.png\",\"width\":1024,\"height\":1024,\"caption\":\"b&m GmbH\"},\"image\":{\"@id\":\"https:\/\/www.bm-gmbh.co\/en\/#\/schema\/logo\/image\/\"},\"description\":\"Mittelst\u00e4ndischer Anbieter f\u00fcr Farbspritztechnik, Oberfl\u00e4chentechnik, Pumpentechnik, Bautenschutz- und Injektionstechnik. Bedient prim\u00e4r Handwerk und Industrie Zentrale Produkte & Services: Spritztechnik: Hand- & Automatikpistolen, HD\/ND-Ger\u00e4te, 2K-Anlagen, Elektrostatiksysteme. Bautenschutz\/Injektionstechnik: Injektionsanlagen, Gelanlagen, Schnecken-\/Mischpumpen. Zubeh\u00f6r\/Technik: Kompressoren, Filteranlagen, R\u00fchrwerke, Packer & Injektoren. Fokus auf hochwertige, langlebige Profi-Ger\u00e4te \u2192 Interesse an zuverl\u00e4ssigen Partnern, Service & technischem Support.\",\"email\":\"info@bm-gmbh.com\",\"telephone\":\"0049 7546 923120\",\"legalName\":\"b&m GmbH\",\"numberOfEmployees\":{\"@type\":\"QuantitativeValue\",\"minValue\":\"11\",\"maxValue\":\"50\"}}]}<\/script>\n<meta property=\"product:price:currency\" content=\"EUR\" \/>\n<meta property=\"og:availability\" content=\"instock\" \/>\n<meta property=\"product:availability\" content=\"instock\" \/>\n<meta property=\"product:retailer_item_id\" content=\"BM322-25100\" \/>\n<meta property=\"product:condition\" content=\"new\" \/>\n<!-- \/ Yoast SEO Premium plugin. -->","yoast_head_json":{"title":"Manual agitator","description":"b&amp;m GmbH - Ihr Partner f\u00fcr alle Marken","robots":{"index":"index","follow":"follow","max-snippet":"max-snippet:-1","max-image-preview":"max-image-preview:large","max-video-preview":"max-video-preview:-1"},"canonical":"https:\/\/www.bm-gmbh.co\/en\/building-protection\/mixer\/hand-mixer\/","schema":{"@context":"https:\/\/schema.org","@graph":[{"@type":"WebPage","@id":"https:\/\/www.bm-gmbh.co\/en\/building-protection\/mixer\/hand-mixer\/","url":"https:\/\/www.bm-gmbh.co\/en\/building-protection\/mixer\/hand-mixer\/","name":"Manual agitator","isPartOf":{"@id":"https:\/\/www.bm-gmbh.co\/en\/#website"},"datePublished":"2023-12-18T17:50:22+00:00","dateModified":"2024-02-29T08:30:45+00:00","description":"b&amp;m GmbH - Ihr Partner f\u00fcr alle Marken","breadcrumb":{"@id":"https:\/\/www.bm-gmbh.co\/en\/building-protection\/mixer\/hand-mixer\/#breadcrumb"},"inLanguage":"en-US","potentialAction":[{"@type":"ReadAction","target":["https:\/\/www.bm-gmbh.co\/en\/building-protection\/mixer\/hand-mixer\/"]}]},{"@type":"BreadcrumbList","@id":"https:\/\/www.bm-gmbh.co\/en\/building-protection\/mixer\/hand-mixer\/#breadcrumb","itemListElement":[{"@type":"ListItem","position":1,"name":"Startseite","item":"https:\/\/www.bm-gmbh.co\/en\/home-page\/"},{"@type":"ListItem","position":2,"name":"Building protection","item":"https:\/\/www.bm-gmbh.co\/en\/building-protection\/"},{"@type":"ListItem","position":3,"name":"Mixer","item":"https:\/\/www.bm-gmbh.co\/en\/building-protection\/mixer\/"},{"@type":"ListItem","position":4,"name":"Manual agitator"}]},{"@type":"WebSite","@id":"https:\/\/www.bm-gmbh.co\/en\/#website","url":"https:\/\/www.bm-gmbh.co\/en\/","name":"b&m GmbH","description":"Ihr Partner f\u00fcr alle Marken","publisher":{"@id":"https:\/\/www.bm-gmbh.co\/en\/#organization"},"alternateName":"b&m GmbH - Ihr Partner f\u00fcr alle Marken","potentialAction":[{"@type":"SearchAction","target":{"@type":"EntryPoint","urlTemplate":"https:\/\/www.bm-gmbh.co\/en\/?s={search_term_string}"},"query-input":{"@type":"PropertyValueSpecification","valueRequired":true,"valueName":"search_term_string"}}],"inLanguage":"en-US"},{"@type":"Organization","@id":"https:\/\/www.bm-gmbh.co\/en\/#organization","name":"b&m GmbH","alternateName":"b&m GmbH - Ihr Partner f\u00fcr alle Marken","url":"https:\/\/www.bm-gmbh.co\/en\/","logo":{"@type":"ImageObject","inLanguage":"en-US","@id":"https:\/\/www.bm-gmbh.co\/en\/#\/schema\/logo\/image\/","url":"https:\/\/www.bm-gmbh.co\/wp-content\/uploads\/bm-1024.png","contentUrl":"https:\/\/www.bm-gmbh.co\/wp-content\/uploads\/bm-1024.png","width":1024,"height":1024,"caption":"b&m GmbH"},"image":{"@id":"https:\/\/www.bm-gmbh.co\/en\/#\/schema\/logo\/image\/"},"description":"Mittelst\u00e4ndischer Anbieter f\u00fcr Farbspritztechnik, Oberfl\u00e4chentechnik, Pumpentechnik, Bautenschutz- und Injektionstechnik. Bedient prim\u00e4r Handwerk und Industrie Zentrale Produkte & Services: Spritztechnik: Hand- & Automatikpistolen, HD\/ND-Ger\u00e4te, 2K-Anlagen, Elektrostatiksysteme. Bautenschutz\/Injektionstechnik: Injektionsanlagen, Gelanlagen, Schnecken-\/Mischpumpen. Zubeh\u00f6r\/Technik: Kompressoren, Filteranlagen, R\u00fchrwerke, Packer & Injektoren. Fokus auf hochwertige, langlebige Profi-Ger\u00e4te \u2192 Interesse an zuverl\u00e4ssigen Partnern, Service & technischem Support.","email":"info@bm-gmbh.com","telephone":"0049 7546 923120","legalName":"b&m GmbH","numberOfEmployees":{"@type":"QuantitativeValue","minValue":"11","maxValue":"50"}}]},"product_price_currency":"EUR","og_availability":"instock","product_availability":"instock","product_retailer_item_id":"BM322-25100","product_condition":"new"},"_links":{"self":[{"href":"https:\/\/www.bm-gmbh.co\/en\/wp-json\/wp\/v2\/pages\/15748","targetHints":{"allow":["GET"]}}],"collection":[{"href":"https:\/\/www.bm-gmbh.co\/en\/wp-json\/wp\/v2\/pages"}],"about":[{"href":"https:\/\/www.bm-gmbh.co\/en\/wp-json\/wp\/v2\/types\/page"}],"author":[{"embeddable":true,"href":"https:\/\/www.bm-gmbh.co\/en\/wp-json\/wp\/v2\/users\/1"}],"replies":[{"embeddable":true,"href":"https:\/\/www.bm-gmbh.co\/en\/wp-json\/wp\/v2\/comments?post=15748"}],"version-history":[{"count":0,"href":"https:\/\/www.bm-gmbh.co\/en\/wp-json\/wp\/v2\/pages\/15748\/revisions"}],"up":[{"embeddable":true,"href":"https:\/\/www.bm-gmbh.co\/en\/wp-json\/wp\/v2\/pages\/15837"}],"wp:attachment":[{"href":"https:\/\/www.bm-gmbh.co\/en\/wp-json\/wp\/v2\/media?parent=15748"}],"curies":[{"name":"wp","href":"https:\/\/api.w.org\/{rel}","templated":true}]}}