{"id":15724,"date":"2023-12-22T09:50:27","date_gmt":"2023-12-22T08:50:27","guid":{"rendered":"https:\/\/www.bm-gmbh.co\/become-a-bm-trading-partner-now\/"},"modified":"2025-05-14T15:42:58","modified_gmt":"2025-05-14T13:42:58","slug":"become-a-bm-trading-partner-now","status":"publish","type":"page","link":"https:\/\/www.bm-gmbh.co\/en\/about-us\/become-a-bm-trading-partner-now\/","title":{"rendered":"Become a b&amp;m trading partner now!"},"content":{"rendered":"<p><strong>Become a b&amp;m trading partner now!<\/strong><\/p>\n<p>Sales and the necessary local service are also provided by our national and international authorized trade partners. We will be happy to provide you with information about the nearest b&amp;m agency in your area, also internationally. b&amp;m products are available in more than 50 countries worldwide.<\/p>\n<p>You are interested in the b&amp;m partner program? Please do not hesistate to contact us.<\/p>\n<p><a href=\"https:\/\/www.bm-gmbh.co\/wp-content\/uploads\/werdenSiePartner.png\"><img fetchpriority=\"high\" decoding=\"async\" class=\"wp-image-9505 size-full alignnone\" src=\"https:\/\/www.bm-gmbh.co\/wp-content\/uploads\/werdenSiePartner.png\" alt=\"\" width=\"438\" height=\"625\" srcset=\"https:\/\/www.bm-gmbh.co\/wp-content\/uploads\/werdenSiePartner.png 438w, https:\/\/www.bm-gmbh.co\/wp-content\/uploads\/werdenSiePartner-210x300.png 210w, https:\/\/www.bm-gmbh.co\/wp-content\/uploads\/werdenSiePartner-105x150.png 105w\" sizes=\"(max-width: 438px) 100vw, 438px\" \/><\/a><\/p>\n","protected":false},"excerpt":{"rendered":"<p>Become a b&amp;m trading partner now! Sales and the necessary local service are also provided by our national and international authorized trade partners. We will be happy to provide you with information about the nearest b&amp;m agency in your area, also internationally. b&amp;m products are available in more than 50 countries worldwide. You are interested [&hellip;]<\/p>\n","protected":false},"author":1,"featured_media":0,"parent":15812,"menu_order":1,"comment_status":"open","ping_status":"closed","template":"","meta":{"site-sidebar-layout":"default","site-content-layout":"","ast-site-content-layout":"default","site-content-style":"default","site-sidebar-style":"default","ast-global-header-display":"","ast-banner-title-visibility":"","ast-main-header-display":"","ast-hfb-above-header-display":"","ast-hfb-below-header-display":"","ast-hfb-mobile-header-display":"","site-post-title":"","ast-breadcrumbs-content":"","ast-featured-img":"","footer-sml-layout":"","ast-disable-related-posts":"","theme-transparent-header-meta":"default","adv-header-id-meta":"","stick-header-meta":"default","header-above-stick-meta":"","header-main-stick-meta":"","header-below-stick-meta":"","astra-migrate-meta-layouts":"set","ast-page-background-enabled":"default","ast-page-background-meta":{"desktop":{"background-color":"var(--ast-global-color-4)","background-image":"","background-repeat":"repeat","background-position":"center center","background-size":"auto","background-attachment":"scroll","background-type":"","background-media":"","overlay-type":"","overlay-color":"","overlay-opacity":"","overlay-gradient":""},"tablet":{"background-color":"","background-image":"","background-repeat":"repeat","background-position":"center center","background-size":"auto","background-attachment":"scroll","background-type":"","background-media":"","overlay-type":"","overlay-color":"","overlay-opacity":"","overlay-gradient":""},"mobile":{"background-color":"","background-image":"","background-repeat":"repeat","background-position":"center center","background-size":"auto","background-attachment":"scroll","background-type":"","background-media":"","overlay-type":"","overlay-color":"","overlay-opacity":"","overlay-gradient":""}},"ast-content-background-meta":{"desktop":{"background-color":"var(--ast-global-color-5)","background-image":"","background-repeat":"repeat","background-position":"center center","background-size":"auto","background-attachment":"scroll","background-type":"","background-media":"","overlay-type":"","overlay-color":"","overlay-opacity":"","overlay-gradient":""},"tablet":{"background-color":"var(--ast-global-color-5)","background-image":"","background-repeat":"repeat","background-position":"center center","background-size":"auto","background-attachment":"scroll","background-type":"","background-media":"","overlay-type":"","overlay-color":"","overlay-opacity":"","overlay-gradient":""},"mobile":{"background-color":"var(--ast-global-color-5)","background-image":"","background-repeat":"repeat","background-position":"center center","background-size":"auto","background-attachment":"scroll","background-type":"","background-media":"","overlay-type":"","overlay-color":"","overlay-opacity":"","overlay-gradient":""}},"footnotes":""},"class_list":["post-15724","page","type-page","status-publish","hentry"],"yoast_head":"<!-- This site is optimized with the Yoast SEO Premium plugin v27.2 (Yoast SEO v27.2) - https:\/\/yoast.com\/product\/yoast-seo-premium-wordpress\/ -->\n<title>Become a b&amp;m trading partner now!<\/title>\n<meta name=\"description\" content=\"Become a b&amp;m retail partner now! Find out more about the benefits and possibilities of our partner program.\" \/>\n<meta name=\"robots\" content=\"index, follow, max-snippet:-1, max-image-preview:large, max-video-preview:-1\" \/>\n<link rel=\"canonical\" href=\"https:\/\/www.bm-gmbh.co\/en\/about-us\/become-a-bm-trading-partner-now\/\" \/>\n<script type=\"application\/ld+json\" class=\"yoast-schema-graph\">{\"@context\":\"https:\/\/schema.org\",\"@graph\":[{\"@type\":\"WebPage\",\"@id\":\"https:\/\/www.bm-gmbh.co\/en\/about-us\/become-a-bm-trading-partner-now\/\",\"url\":\"https:\/\/www.bm-gmbh.co\/en\/about-us\/become-a-bm-trading-partner-now\/\",\"name\":\"Become a b&m trading partner now!\",\"isPartOf\":{\"@id\":\"https:\/\/www.bm-gmbh.co\/en\/#website\"},\"primaryImageOfPage\":{\"@id\":\"https:\/\/www.bm-gmbh.co\/en\/about-us\/become-a-bm-trading-partner-now\/#primaryimage\"},\"image\":{\"@id\":\"https:\/\/www.bm-gmbh.co\/en\/about-us\/become-a-bm-trading-partner-now\/#primaryimage\"},\"thumbnailUrl\":\"https:\/\/www.bm-gmbh.co\/wp-content\/uploads\/werdenSiePartner.png\",\"datePublished\":\"2023-12-22T08:50:27+00:00\",\"dateModified\":\"2025-05-14T13:42:58+00:00\",\"description\":\"Become a b&m retail partner now! Find out more about the benefits and possibilities of our partner program.\",\"breadcrumb\":{\"@id\":\"https:\/\/www.bm-gmbh.co\/en\/about-us\/become-a-bm-trading-partner-now\/#breadcrumb\"},\"inLanguage\":\"en-US\",\"potentialAction\":[{\"@type\":\"ReadAction\",\"target\":[\"https:\/\/www.bm-gmbh.co\/en\/about-us\/become-a-bm-trading-partner-now\/\"]}]},{\"@type\":\"ImageObject\",\"inLanguage\":\"en-US\",\"@id\":\"https:\/\/www.bm-gmbh.co\/en\/about-us\/become-a-bm-trading-partner-now\/#primaryimage\",\"url\":\"https:\/\/www.bm-gmbh.co\/wp-content\/uploads\/werdenSiePartner.png\",\"contentUrl\":\"https:\/\/www.bm-gmbh.co\/wp-content\/uploads\/werdenSiePartner.png\"},{\"@type\":\"BreadcrumbList\",\"@id\":\"https:\/\/www.bm-gmbh.co\/en\/about-us\/become-a-bm-trading-partner-now\/#breadcrumb\",\"itemListElement\":[{\"@type\":\"ListItem\",\"position\":1,\"name\":\"Startseite\",\"item\":\"https:\/\/www.bm-gmbh.co\/en\/home-page\/\"},{\"@type\":\"ListItem\",\"position\":2,\"name\":\"About us\",\"item\":\"https:\/\/www.bm-gmbh.co\/en\/about-us\/\"},{\"@type\":\"ListItem\",\"position\":3,\"name\":\"Become a b&amp;m trading partner now!\"}]},{\"@type\":\"WebSite\",\"@id\":\"https:\/\/www.bm-gmbh.co\/en\/#website\",\"url\":\"https:\/\/www.bm-gmbh.co\/en\/\",\"name\":\"b&m GmbH\",\"description\":\"Ihr Partner f\u00fcr alle Marken\",\"publisher\":{\"@id\":\"https:\/\/www.bm-gmbh.co\/en\/#organization\"},\"alternateName\":\"b&m GmbH - Ihr Partner f\u00fcr alle Marken\",\"potentialAction\":[{\"@type\":\"SearchAction\",\"target\":{\"@type\":\"EntryPoint\",\"urlTemplate\":\"https:\/\/www.bm-gmbh.co\/en\/?s={search_term_string}\"},\"query-input\":{\"@type\":\"PropertyValueSpecification\",\"valueRequired\":true,\"valueName\":\"search_term_string\"}}],\"inLanguage\":\"en-US\"},{\"@type\":\"Organization\",\"@id\":\"https:\/\/www.bm-gmbh.co\/en\/#organization\",\"name\":\"b&m GmbH\",\"alternateName\":\"b&m GmbH - Ihr Partner f\u00fcr alle Marken\",\"url\":\"https:\/\/www.bm-gmbh.co\/en\/\",\"logo\":{\"@type\":\"ImageObject\",\"inLanguage\":\"en-US\",\"@id\":\"https:\/\/www.bm-gmbh.co\/en\/#\/schema\/logo\/image\/\",\"url\":\"https:\/\/www.bm-gmbh.co\/wp-content\/uploads\/bm-1024.png\",\"contentUrl\":\"https:\/\/www.bm-gmbh.co\/wp-content\/uploads\/bm-1024.png\",\"width\":1024,\"height\":1024,\"caption\":\"b&m GmbH\"},\"image\":{\"@id\":\"https:\/\/www.bm-gmbh.co\/en\/#\/schema\/logo\/image\/\"},\"description\":\"Mittelst\u00e4ndischer Anbieter f\u00fcr Farbspritztechnik, Oberfl\u00e4chentechnik, Pumpentechnik, Bautenschutz- und Injektionstechnik. Bedient prim\u00e4r Handwerk und Industrie Zentrale Produkte & Services: Spritztechnik: Hand- & Automatikpistolen, HD\/ND-Ger\u00e4te, 2K-Anlagen, Elektrostatiksysteme. Bautenschutz\/Injektionstechnik: Injektionsanlagen, Gelanlagen, Schnecken-\/Mischpumpen. Zubeh\u00f6r\/Technik: Kompressoren, Filteranlagen, R\u00fchrwerke, Packer & Injektoren. Fokus auf hochwertige, langlebige Profi-Ger\u00e4te \u2192 Interesse an zuverl\u00e4ssigen Partnern, Service & technischem Support.\",\"email\":\"info@bm-gmbh.com\",\"telephone\":\"0049 7546 923120\",\"legalName\":\"b&m GmbH\",\"numberOfEmployees\":{\"@type\":\"QuantitativeValue\",\"minValue\":\"11\",\"maxValue\":\"50\"}}]}<\/script>\n<!-- \/ Yoast SEO Premium plugin. -->","yoast_head_json":{"title":"Become a b&m trading partner now!","description":"Become a b&m retail partner now! Find out more about the benefits and possibilities of our partner program.","robots":{"index":"index","follow":"follow","max-snippet":"max-snippet:-1","max-image-preview":"max-image-preview:large","max-video-preview":"max-video-preview:-1"},"canonical":"https:\/\/www.bm-gmbh.co\/en\/about-us\/become-a-bm-trading-partner-now\/","schema":{"@context":"https:\/\/schema.org","@graph":[{"@type":"WebPage","@id":"https:\/\/www.bm-gmbh.co\/en\/about-us\/become-a-bm-trading-partner-now\/","url":"https:\/\/www.bm-gmbh.co\/en\/about-us\/become-a-bm-trading-partner-now\/","name":"Become a b&m trading partner now!","isPartOf":{"@id":"https:\/\/www.bm-gmbh.co\/en\/#website"},"primaryImageOfPage":{"@id":"https:\/\/www.bm-gmbh.co\/en\/about-us\/become-a-bm-trading-partner-now\/#primaryimage"},"image":{"@id":"https:\/\/www.bm-gmbh.co\/en\/about-us\/become-a-bm-trading-partner-now\/#primaryimage"},"thumbnailUrl":"https:\/\/www.bm-gmbh.co\/wp-content\/uploads\/werdenSiePartner.png","datePublished":"2023-12-22T08:50:27+00:00","dateModified":"2025-05-14T13:42:58+00:00","description":"Become a b&m retail partner now! Find out more about the benefits and possibilities of our partner program.","breadcrumb":{"@id":"https:\/\/www.bm-gmbh.co\/en\/about-us\/become-a-bm-trading-partner-now\/#breadcrumb"},"inLanguage":"en-US","potentialAction":[{"@type":"ReadAction","target":["https:\/\/www.bm-gmbh.co\/en\/about-us\/become-a-bm-trading-partner-now\/"]}]},{"@type":"ImageObject","inLanguage":"en-US","@id":"https:\/\/www.bm-gmbh.co\/en\/about-us\/become-a-bm-trading-partner-now\/#primaryimage","url":"https:\/\/www.bm-gmbh.co\/wp-content\/uploads\/werdenSiePartner.png","contentUrl":"https:\/\/www.bm-gmbh.co\/wp-content\/uploads\/werdenSiePartner.png"},{"@type":"BreadcrumbList","@id":"https:\/\/www.bm-gmbh.co\/en\/about-us\/become-a-bm-trading-partner-now\/#breadcrumb","itemListElement":[{"@type":"ListItem","position":1,"name":"Startseite","item":"https:\/\/www.bm-gmbh.co\/en\/home-page\/"},{"@type":"ListItem","position":2,"name":"About us","item":"https:\/\/www.bm-gmbh.co\/en\/about-us\/"},{"@type":"ListItem","position":3,"name":"Become a b&amp;m trading partner now!"}]},{"@type":"WebSite","@id":"https:\/\/www.bm-gmbh.co\/en\/#website","url":"https:\/\/www.bm-gmbh.co\/en\/","name":"b&m GmbH","description":"Ihr Partner f\u00fcr alle Marken","publisher":{"@id":"https:\/\/www.bm-gmbh.co\/en\/#organization"},"alternateName":"b&m GmbH - Ihr Partner f\u00fcr alle Marken","potentialAction":[{"@type":"SearchAction","target":{"@type":"EntryPoint","urlTemplate":"https:\/\/www.bm-gmbh.co\/en\/?s={search_term_string}"},"query-input":{"@type":"PropertyValueSpecification","valueRequired":true,"valueName":"search_term_string"}}],"inLanguage":"en-US"},{"@type":"Organization","@id":"https:\/\/www.bm-gmbh.co\/en\/#organization","name":"b&m GmbH","alternateName":"b&m GmbH - Ihr Partner f\u00fcr alle Marken","url":"https:\/\/www.bm-gmbh.co\/en\/","logo":{"@type":"ImageObject","inLanguage":"en-US","@id":"https:\/\/www.bm-gmbh.co\/en\/#\/schema\/logo\/image\/","url":"https:\/\/www.bm-gmbh.co\/wp-content\/uploads\/bm-1024.png","contentUrl":"https:\/\/www.bm-gmbh.co\/wp-content\/uploads\/bm-1024.png","width":1024,"height":1024,"caption":"b&m GmbH"},"image":{"@id":"https:\/\/www.bm-gmbh.co\/en\/#\/schema\/logo\/image\/"},"description":"Mittelst\u00e4ndischer Anbieter f\u00fcr Farbspritztechnik, Oberfl\u00e4chentechnik, Pumpentechnik, Bautenschutz- und Injektionstechnik. Bedient prim\u00e4r Handwerk und Industrie Zentrale Produkte & Services: Spritztechnik: Hand- & Automatikpistolen, HD\/ND-Ger\u00e4te, 2K-Anlagen, Elektrostatiksysteme. Bautenschutz\/Injektionstechnik: Injektionsanlagen, Gelanlagen, Schnecken-\/Mischpumpen. Zubeh\u00f6r\/Technik: Kompressoren, Filteranlagen, R\u00fchrwerke, Packer & Injektoren. Fokus auf hochwertige, langlebige Profi-Ger\u00e4te \u2192 Interesse an zuverl\u00e4ssigen Partnern, Service & technischem Support.","email":"info@bm-gmbh.com","telephone":"0049 7546 923120","legalName":"b&m GmbH","numberOfEmployees":{"@type":"QuantitativeValue","minValue":"11","maxValue":"50"}}]}},"_links":{"self":[{"href":"https:\/\/www.bm-gmbh.co\/en\/wp-json\/wp\/v2\/pages\/15724","targetHints":{"allow":["GET"]}}],"collection":[{"href":"https:\/\/www.bm-gmbh.co\/en\/wp-json\/wp\/v2\/pages"}],"about":[{"href":"https:\/\/www.bm-gmbh.co\/en\/wp-json\/wp\/v2\/types\/page"}],"author":[{"embeddable":true,"href":"https:\/\/www.bm-gmbh.co\/en\/wp-json\/wp\/v2\/users\/1"}],"replies":[{"embeddable":true,"href":"https:\/\/www.bm-gmbh.co\/en\/wp-json\/wp\/v2\/comments?post=15724"}],"version-history":[{"count":1,"href":"https:\/\/www.bm-gmbh.co\/en\/wp-json\/wp\/v2\/pages\/15724\/revisions"}],"predecessor-version":[{"id":22623,"href":"https:\/\/www.bm-gmbh.co\/en\/wp-json\/wp\/v2\/pages\/15724\/revisions\/22623"}],"up":[{"embeddable":true,"href":"https:\/\/www.bm-gmbh.co\/en\/wp-json\/wp\/v2\/pages\/15812"}],"wp:attachment":[{"href":"https:\/\/www.bm-gmbh.co\/en\/wp-json\/wp\/v2\/media?parent=15724"}],"curies":[{"name":"wp","href":"https:\/\/api.w.org\/{rel}","templated":true}]}}